{"id":1117,"date":"2018-11-14T11:01:02","date_gmt":"2018-11-14T11:01:02","guid":{"rendered":"http:\/\/retofaesclinic.com\/?page_id=1117"},"modified":"2020-01-03T11:46:38","modified_gmt":"2020-01-03T11:46:38","slug":"como-participar","status":"publish","type":"page","link":"https:\/\/profesionalessalud.faesfarma.com\/retocasosclinicos\/como-participar\/","title":{"rendered":"C\u00f3mo participar"},"content":{"rendered":"[vc_row type=\u00bbin_container\u00bb full_screen_row_position=\u00bbmiddle\u00bb scene_position=\u00bbcenter\u00bb text_color=\u00bbdark\u00bb text_align=\u00bbleft\u00bb top_padding=\u00bb40&#8243; overlay_strength=\u00bb0.3&#8243; shape_divider_position=\u00bbbottom\u00bb shape_type=\u00bb\u00bb][vc_column column_padding=\u00bbno-extra-padding\u00bb column_padding_position=\u00bball\u00bb background_color_opacity=\u00bb1&#8243; background_hover_color_opacity=\u00bb1&#8243; column_link_target=\u00bb_self\u00bb column_shadow=\u00bbnone\u00bb column_border_radius=\u00bbnone\u00bb width=\u00bb1\/1&#8243; tablet_width_inherit=\u00bbdefault\u00bb tablet_text_alignment=\u00bbdefault\u00bb phone_text_alignment=\u00bbdefault\u00bb column_border_width=\u00bbnone\u00bb column_border_style=\u00bbsolid\u00bb][vc_column_text]A continuaci\u00f3n se explica paso a paso c\u00f3mo jugar al juego de\u00a0<strong>Casos Cl\u00ednicos<\/strong> de Faes Farma.<\/p>\n[\/vc_column_text][\/vc_column][\/vc_row][vc_row type=\u00bbin_container\u00bb full_screen_row_position=\u00bbmiddle\u00bb scene_position=\u00bbcenter\u00bb text_color=\u00bbdark\u00bb text_align=\u00bbleft\u00bb overlay_strength=\u00bb0.3&#8243; shape_divider_position=\u00bbbottom\u00bb][vc_column column_padding=\u00bbno-extra-padding\u00bb column_padding_position=\u00bball\u00bb background_color_opacity=\u00bb1&#8243; background_hover_color_opacity=\u00bb1&#8243; column_link_target=\u00bb_self\u00bb column_shadow=\u00bbnone\u00bb column_border_radius=\u00bbnone\u00bb width=\u00bb1\/1&#8243; tablet_width_inherit=\u00bbdefault\u00bb tablet_text_alignment=\u00bbdefault\u00bb phone_text_alignment=\u00bbdefault\u00bb column_border_width=\u00bbnone\u00bb column_border_style=\u00bbsolid\u00bb][nectar_icon_list animate=\u00bbtrue\u00bb color=\u00bbAccent-Color\u00bb direction=\u00bbvertical\u00bb icon_size=\u00bbmedium\u00bb icon_style=\u00bbborder\u00bb][nectar_icon_list_item icon_type=\u00bbnumerical\u00bb title=\u00bbList Item\u00bb id=\u00bb1542195966-1-100&#8243; tab_id=\u00bb1542196860120-5&#8243; text=\u00bbAcceda a www.retofaesclinic.com\u00bb header=\u00bbREGISTRO\u00bb] [\/nectar_icon_list_item][nectar_icon_list_item icon_type=\u00bbnumerical\u00bb title=\u00bbList Item\u00bb id=\u00bb1542195966-2-76&#8243; tab_id=\u00bb1542196860143-9&#8243; text=\u00bbSi ya est\u00e1 registrado en la plataforma Profesionales de la Salud, de Faes Farma, pase al punto 4.\u00bb] [\/nectar_icon_list_item][nectar_icon_list_item icon_type=\u00bbnumerical\u00bb title=\u00bbList Item\u00bb id=\u00bb1542197357483-0-7&#8243; tab_id=\u00bb1542196860143-9&#8243; text=\u00bbSi no est\u00e1 registrado, puede hacerlo directamente en la web del Reto Casos Cl\u00ednicos (Login\/Registro).\u00bb] [\/nectar_icon_list_item][nectar_icon_list_item icon_type=\u00bbnumerical\u00bb title=\u00bbList Item\u00bb id=\u00bb1542197494220-0-8&#8243; tab_id=\u00bb1542196860143-9&#8243; header=\u00bbPARTICIPACI\u00d3N\u00bb text=\u00bbInicie sesi\u00f3n (Login\/Registro) y haga clic en PARTICIPA EN EL RETO.\u00bb] [\/nectar_icon_list_item][nectar_icon_list_item icon_type=\u00bbnumerical\u00bb title=\u00bbList Item\u00bb id=\u00bb1548238133681-0-2&#8243; tab_id=\u00bb1548238133683-3&#8243; text=\u00bbAcceda a la descripci\u00f3n del caso y haga clic en INICIO DE RETO.\u00bb][\/nectar_icon_list_item][nectar_icon_list_item icon_type=\u00bbnumerical\u00bb title=\u00bbList Item\u00bb id=\u00bb1548238186697-0-4&#8243; tab_id=\u00bb1548238186699-4&#8243; text=\u00bbContesta a las diferentes preguntas que se plantean. Siempre tendr\u00e1 disponible toda la informaci\u00f3n necesaria para resolver el caso.\u00bb][\/nectar_icon_list_item][nectar_icon_list_item icon_type=\u00bbnumerical\u00bb title=\u00bbList Item\u00bb id=\u00bb1556801117581-0-0&#8243; tab_id=\u00bb1556801117584-5&#8243; text=\u00bbCuando finalice el reto, recibir\u00e1 un mail de confirmaci\u00f3n de tu participaci\u00f3n, e informaci\u00f3n sobre el sorteo a realizar.\u00bb][\/nectar_icon_list_item][\/nectar_icon_list][\/vc_column][\/vc_row]\n","protected":false},"excerpt":{"rendered":"<p>[vc_row type=\u00bbin_container\u00bb full_screen_row_position=\u00bbmiddle\u00bb scene_position=\u00bbcenter\u00bb text_color=\u00bbdark\u00bb text_align=\u00bbleft\u00bb top_padding=\u00bb40&#8243; overlay_strength=\u00bb0.3&#8243; shape_divider_position=\u00bbbottom\u00bb shape_type=\u00bb\u00bb][vc_column column_padding=\u00bbno-extra-padding\u00bb column_padding_position=\u00bball\u00bb background_color_opacity=\u00bb1&#8243; background_hover_color_opacity=\u00bb1&#8243; column_link_target=\u00bb_self\u00bb column_shadow=\u00bbnone\u00bb column_border_radius=\u00bbnone\u00bb width=\u00bb1\/1&#8243; tablet_width_inherit=\u00bbdefault\u00bb tablet_text_alignment=\u00bbdefault\u00bb phone_text_alignment=\u00bbdefault\u00bb column_border_width=\u00bbnone\u00bb column_border_style=\u00bbsolid\u00bb][vc_column_text]A continuaci\u00f3n se explica paso a paso c\u00f3mo&#8230;<\/p>\n","protected":false},"author":1,"featured_media":0,"parent":0,"menu_order":0,"comment_status":"open","ping_status":"open","template":"","meta":{"footnotes":""},"acf":[],"aioseo_notices":[],"_links":{"self":[{"href":"https:\/\/profesionalessalud.faesfarma.com\/retocasosclinicos\/wp-json\/wp\/v2\/pages\/1117"}],"collection":[{"href":"https:\/\/profesionalessalud.faesfarma.com\/retocasosclinicos\/wp-json\/wp\/v2\/pages"}],"about":[{"href":"https:\/\/profesionalessalud.faesfarma.com\/retocasosclinicos\/wp-json\/wp\/v2\/types\/page"}],"author":[{"embeddable":true,"href":"https:\/\/profesionalessalud.faesfarma.com\/retocasosclinicos\/wp-json\/wp\/v2\/users\/1"}],"replies":[{"embeddable":true,"href":"https:\/\/profesionalessalud.faesfarma.com\/retocasosclinicos\/wp-json\/wp\/v2\/comments?post=1117"}],"version-history":[{"count":15,"href":"https:\/\/profesionalessalud.faesfarma.com\/retocasosclinicos\/wp-json\/wp\/v2\/pages\/1117\/revisions"}],"predecessor-version":[{"id":1453,"href":"https:\/\/profesionalessalud.faesfarma.com\/retocasosclinicos\/wp-json\/wp\/v2\/pages\/1117\/revisions\/1453"}],"wp:attachment":[{"href":"https:\/\/profesionalessalud.faesfarma.com\/retocasosclinicos\/wp-json\/wp\/v2\/media?parent=1117"}],"curies":[{"name":"wp","href":"https:\/\/api.w.org\/{rel}","templated":true}]}}