{"id":1194,"date":"2019-02-21T09:42:38","date_gmt":"2019-02-21T09:42:38","guid":{"rendered":"http:\/\/retofaesclinic.com\/?page_id=1194"},"modified":"2025-03-24T07:37:45","modified_gmt":"2025-03-24T07:37:45","slug":"bases-legales-casos-clinicos-faes-farma-s-a","status":"publish","type":"page","link":"https:\/\/profesionalessalud.faesfarma.com\/retocasosclinicos\/bases-legales-casos-clinicos-faes-farma-s-a\/","title":{"rendered":"Bases legales Casos Cl\u00ednicos Faes Farma, S.A."},"content":{"rendered":"<p><strong>1.- Entidad organizadora<\/strong><\/p>\n<p>FAES FARMA, S.A. (\u201cFAES FARMA\u201d), con domicilio social en Avda. Autonom\u00eda, 10, 48940-Leioa Bizkaia va a ofrecer una promoci\u00f3n comercial mediante un concurso que se desarrollar\u00e1 en el microsite\u00a0<a href=\"https:\/\/profesionalessalud.faesfarma.com\/\">profesionalessalud.faesfarma.com<\/a>. La propiedad intelectual de la promoci\u00f3n corresponde a FAES FARMA.<\/p>\n<p><strong>2.- Gratuidad<\/strong><\/p>\n<p>La presente promoci\u00f3n tendr\u00e1 car\u00e1cter gratuito, de tal manera que para tener acceso a los premios no ser\u00e1 necesario el pago de cuota o cantidad adicional alguna.<\/p>\n<p><strong>3.- \u00c1mbito Territorial<\/strong><\/p>\n<p>La promoci\u00f3n comprende a todo el territorio del Estado Espa\u00f1ol y el acceso se realizar\u00e1 exclusivamente a trav\u00e9s de Internet en la p\u00e1gina web \u00a0<a href=\"https:\/\/profesionalessalud.faesfarma.com\/\">profesionalessalud.faesfarma.com<\/a>.<\/p>\n<p><strong>4.- \u00c1mbito Temporal<\/strong><\/p>\n<p>La promoci\u00f3n se iniciar\u00e1 el mes de marzo de 2025 y finalizar\u00e1 el mes de marzo de 2026.<\/p>\n<p><strong>5.- Legitimaci\u00f3n para participaci\u00f3n en la promoci\u00f3n<\/strong><\/p>\n<p>Pueden participar en la promoci\u00f3n las personas f\u00edsicas mayores de 18 a\u00f1os que sean m\u00e9dicos en activo licenciados de cualquier especialidad y m\u00e9dicos residentes de cualquier a\u00f1o (los \u201cProfesionales\u201d).<\/p>\n<p><strong>6.- Desarrollo de la promoci\u00f3n<\/strong><\/p>\n<p><strong>\u00a06.1. Mec\u00e1nica.<\/strong><\/p>\n<p>El Reto Casos C\u00ednicos de FAES FARMA es una formaci\u00f3n gamificada alojada en el microsite\u00a0<a href=\"https:\/\/profesionalessalud.faesfarma.com\/\">profesionalessalud.faesfarma.com<\/a>. Los casos est\u00e1n estructurados en forma de \u00e1rbol de decisi\u00f3n por lo que los Profesionales optar\u00e1n por una de las diferentes opciones que se plantean siendo una de ellas \u201cla m\u00e1s correcta\u201d seg\u00fan el autor del caso, por lo que puede ocurrir que sean varios los Profesionales que alcancen la resoluci\u00f3n correcta de cada caso cl\u00ednico.<\/p>\n<p>El concurso estar\u00e1 compuesto por una serie de casos cl\u00ednicos independientes. Cada caso cl\u00ednico estar\u00e1 disponible durante un tiempo determinado que se indicar\u00e1 en cada caso en la web del reto casos cl\u00ednicos, informando acerca de las fechas de inicio y final de cada caso cl\u00ednico.<\/p>\n<p><strong>7.- Ganadores de los premios<\/strong><\/p>\n<p>Entre todos los Profesionales que resuelvan cada caso cl\u00ednico correctamente se har\u00e1 un sorteo y habr\u00e1 3 ganadores. Cada ganador podr\u00e1 elegir uno de los libros expuestos a tal efecto en la p\u00e1gina web del reto.<\/p>\n<p>Los ganadores del concurso, por el mero hecho de su participaci\u00f3n en la promoci\u00f3n, ceden sus datos personales, incluyendo sus derechos de imagen y la explotaci\u00f3n de los mismos a FAES FARMA para la utilizaci\u00f3n de dicho material con fines promocionales en todos los medios y por periodo indefinido, de conformidad con lo establecido en la pol\u00edtica de privacidad de FAES FARMA.<\/p>\n<p><strong>8.- Descripci\u00f3n y entrega de premios<\/strong><\/p>\n<p>Los ganadores del sorteo recibir\u00e1n el libro seleccionado mediante entrega directa por el delegado comercial o bien por servicio de mensajer\u00eda o correo postal, a elecci\u00f3n de FAES FARMA.<\/p>\n<p>El ganador deber\u00e1 cumplir todas las estipulaciones indicadas en las presentes bases para recibir el premio.\u00a0Los ganadores recibir\u00e1n una comunicaci\u00f3n por correo electr\u00f3nico indic\u00e1ndoles tal circunstancia y dispondr\u00e1n de quince (15) d\u00edas naturales desde el env\u00edo de la comunicaci\u00f3n para ponerse en contacto con FAES FARMA y confirmar todos sus datos. Si las personas ganadoras no solicitasen su premio dentro del plazo acordado perder\u00edan su derecho a percibir el premio.<\/p>\n<p><strong>9-.\u00a0Derechos y facultades de FAES FARMA<\/strong><\/p>\n<p>Con sujeci\u00f3n a la legislaci\u00f3n aplicable, FAES FARMA, as\u00ed como cualquiera de las empresas relacionadas con esta aplicaci\u00f3n y\/o el concurso,<\/p>\n<ul>\n<li>Se reservan el derecho de cancelar, rescindir, modificar las presentes bases legales o suspender el concurso, total o parcialmente, sin previo aviso y sin que de dicha actuaci\u00f3n se derive obligaci\u00f3n o responsabilidad alguna, incluso si por cualquier raz\u00f3n el concurso no puede ser celebrado como se hab\u00eda planeado debido a un fallo t\u00e9cnico, un virus inform\u00e1tico, forzamiento, fraude, o corrupci\u00f3n de la seguridad o administraci\u00f3n del concurso o por otras causas que escapen a su control;<\/li>\n<li>No podr\u00e1n responder a las preguntas sobre la recepci\u00f3n de los resultados de la participaci\u00f3n en el concurso o el estado de cualquier solicitud.<\/li>\n<li>No asumen responsabilidad alguna por cualquier informaci\u00f3n incorrecta, inexacta o incompleta, con independencia de que fuera causada por los usuarios del sitio web o por cualquier equipo del concurso relacionado con o utilizado en el concurso; y no asumen tampoco responsabilidad alguna por fallos t\u00e9cnicos, de hardware o de software de cualquier tipo, p\u00e9rdida de conexi\u00f3n de red, confusi\u00f3n en la transmisi\u00f3n por ordenador, u otros ejemplos de mal funcionamiento durante el concurso.<\/li>\n<li>Tampoco asumen responsabilidad alguna por error, omisi\u00f3n, corrupci\u00f3n, interrupci\u00f3n, borrado, defecto, retraso en la operaci\u00f3n o en la transmisi\u00f3n, fallo en la l\u00ednea de comunicaciones, robo o destrucci\u00f3n o acceso no autorizado o alteraci\u00f3n de la informaci\u00f3n remitida al participar en el concurso ni por cualquier problema o fallo t\u00e9cnico de cualquier l\u00ednea o red telef\u00f3nica, sistemas de conexi\u00f3n en l\u00ednea, servidores, equipo de ordenador, software, fallo del correo electr\u00f3nico enviado como consecuencia de problemas t\u00e9cnicos o de la cuenta de correo electr\u00f3nico, error humano o congesti\u00f3n de tr\u00e1fico en Internet o cualquier sitio web, o cualquier combinaci\u00f3n de los mismos, incluyendo cualquier aver\u00eda o da\u00f1o al ordenador del participante o de cualquier otra persona en relaci\u00f3n con o derivado de la participaci\u00f3n o la descarga de cualquier material del concurso. Si, por cualquier raz\u00f3n, una solicitud no puede ser vista o no puede ser presentada del modo previsto, incluyendo infecci\u00f3n por virus inform\u00e1tico o alg\u00fan otro tipo de intervenci\u00f3n equivalente, forzamiento, fraude o fallo t\u00e9cnico, FAES FARMA, as\u00ed como cualquiera de las empresas relacionadas con esta aplicaci\u00f3n y\/o el concurso, no se hacen responsables.<\/li>\n<li>Se reservan el derecho de no premiar a participantes que act\u00faen de manera il\u00edcita, as\u00ed como aquellos que participen con m\u00e1s de un perfil.<\/li>\n<\/ul>\n<p><strong>10.- Aceptaci\u00f3n de las bases<\/strong><\/p>\n<p>FAES FARMA se reserva el derecho a resolver de la forma que considere m\u00e1s conveniente cualquier controversia o cuesti\u00f3n derivada de la presente actividad promocional, incluida su aplazamiento, modificaci\u00f3n o anulaci\u00f3n.<\/p>\n<p>La mera participaci\u00f3n en la promoci\u00f3n supone la aceptaci\u00f3n en su totalidad de las presentes bases legales, que podr\u00e1n ser consultadas en\u00a0<a href=\"https:\/\/profesionalessalud.faesfarma.com\/\">profesionalessalud.faesfarma.com<\/a>.<\/p>\n<p><strong>11.- Responsabilidad.<\/strong><\/p>\n<p>FAES FARMA, as\u00ed como cualquiera de las empresas relacionadas con esta promoci\u00f3n y\/o el concurso, no se responsabilizan de las posibles p\u00e9rdidas, deterioros, robos, retrasos o cualquier otra circunstancia imputable a terceros o a Internet que pudieran afectar a \/ o ser consecuencia de la utilizaci\u00f3n de la presente aplicaci\u00f3n y\/o de su participaci\u00f3n en el concurso.<\/p>\n<p>Con su participaci\u00f3n en la promoci\u00f3n, cada participante (y, en su caso, invitado) consiente, en la forma m\u00e1s amplia que en derecho fuera necesario, en eximir expresamente a FAES FARMA, as\u00ed como cualquiera de las empresas relacionadas con esta promoci\u00f3n y\/o el concurso, de cualquier reclamaci\u00f3n y da\u00f1o, directo o indirecto, derivado de o vinculado a la participaci\u00f3n en el concurso y la utilizaci\u00f3n de los premios (si resultaran premiados).<\/p>\n<p>Asimismo, FAES FARMA, as\u00ed como cualquiera de las empresas relacionadas con esta promoci\u00f3n y\/o el concurso, no garantizan la disponibilidad, continuidad ni la infalibilidad del funcionamiento del microsite\u00a0<a href=\"https:\/\/profesionalessalud.faesfarma.com\/\">profesionalessalud.faesfarma.com<\/a>\u00a0y, en consecuencia, la participaci\u00f3n en el concurso implica aceptar expresamente, en la m\u00e1xima medida permitida por la legislaci\u00f3n vigente, excluir de cualquier responsabilidad por los da\u00f1os y perjuicios de toda naturaleza que puedan deberse a la falta de disponibilidad, continuidad o mal funcionamiento del sitio web, que pudiera afectar o impedir la participaci\u00f3n en la presente promoci\u00f3n, su normal desarrollo y la incorrecta transmisi\u00f3n de contenidos o participaciones.<\/p>\n","protected":false},"excerpt":{"rendered":"<p>1.- Entidad organizadora FAES FARMA, S.A. (\u201cFAES FARMA\u201d), con domicilio social en Avda. Autonom\u00eda, 10, 48940-Leioa Bizkaia va a ofrecer una promoci\u00f3n comercial mediante un concurso que se desarrollar\u00e1 en&#8230;<\/p>\n","protected":false},"author":1,"featured_media":0,"parent":0,"menu_order":0,"comment_status":"closed","ping_status":"closed","template":"","meta":{"footnotes":""},"acf":[],"aioseo_notices":[],"_links":{"self":[{"href":"https:\/\/profesionalessalud.faesfarma.com\/retocasosclinicos\/wp-json\/wp\/v2\/pages\/1194"}],"collection":[{"href":"https:\/\/profesionalessalud.faesfarma.com\/retocasosclinicos\/wp-json\/wp\/v2\/pages"}],"about":[{"href":"https:\/\/profesionalessalud.faesfarma.com\/retocasosclinicos\/wp-json\/wp\/v2\/types\/page"}],"author":[{"embeddable":true,"href":"https:\/\/profesionalessalud.faesfarma.com\/retocasosclinicos\/wp-json\/wp\/v2\/users\/1"}],"replies":[{"embeddable":true,"href":"https:\/\/profesionalessalud.faesfarma.com\/retocasosclinicos\/wp-json\/wp\/v2\/comments?post=1194"}],"version-history":[{"count":14,"href":"https:\/\/profesionalessalud.faesfarma.com\/retocasosclinicos\/wp-json\/wp\/v2\/pages\/1194\/revisions"}],"predecessor-version":[{"id":2239,"href":"https:\/\/profesionalessalud.faesfarma.com\/retocasosclinicos\/wp-json\/wp\/v2\/pages\/1194\/revisions\/2239"}],"wp:attachment":[{"href":"https:\/\/profesionalessalud.faesfarma.com\/retocasosclinicos\/wp-json\/wp\/v2\/media?parent=1194"}],"curies":[{"name":"wp","href":"https:\/\/api.w.org\/{rel}","templated":true}]}}