{"id":1198,"date":"2019-02-21T11:15:23","date_gmt":"2019-02-21T11:15:23","guid":{"rendered":"http:\/\/retofaesclinic.com\/?page_id=1198"},"modified":"2025-12-03T15:54:57","modified_gmt":"2025-12-03T15:54:57","slug":"politica-de-privacidad","status":"publish","type":"page","link":"https:\/\/profesionalessalud.faesfarma.com\/retocasosclinicos\/politica-de-privacidad\/","title":{"rendered":"Pol\u00edtica de Privacidad"},"content":{"rendered":"<p><strong>\u00daltima actualizaci\u00f3n:<\/strong>\u00a025\/5\/2018<\/p>\n<p>A continuaci\u00f3n, le proporcionamos toda la informaci\u00f3n necesaria sobre nuestra Pol\u00edtica de Privacidad en relaci\u00f3n con los datos personales que recabamos.<br \/>\n<a name=\"responsable\"><\/a><br \/>\n<strong>1. Responsable del tratamiento de sus datos personales<\/strong><a class=\"ancla\" name=\"Responsable\"><\/a><\/p>\n<p>FAES FARMA, S.A. (A-48\/004 360) (en adelante, \u201cFAES FARMA\u201d)<\/p>\n<p>Avenida Autonom\u00eda 10, 48940 Leioa, Bizkaia, Espa\u00f1a<\/p>\n<p>Correo electr\u00f3nico de contacto:\u00a0<a href=\"mailto:rgpd@faesfarma.com\" target=\"_blank\" rel=\"noopener\">rgpd@faesfarma.com<\/a><\/p>\n<p>Asimismo, le informamos que la presente pol\u00edtica de protecci\u00f3n de datos se aplicar\u00e1 a cualquiera de las empresas pertenecientes a Grupo Faes. Puede consultar aqu\u00ed la totalidad de sociedades que conforman el Grupo Faes.<\/p>\n<p><strong>2. Datos personales espec\u00edficos que se recopilar\u00e1n<\/strong><\/p>\n<p>Los datos personales que recopilaremos y trataremos ser\u00e1n aqu\u00e9llos que nos faciliten en caso de existir formularios de recogida de datos y los datos que nos puedan remitir al utilizar los apartados de contacto que puedan existir. Dichos datos personales que trataremos ser\u00e1n adecuados, relevantes y no excesivos seg\u00fan se requieran con el fin de cumplir con las finalidades que se rese\u00f1an seguidamente.<br \/>\n<a name=\"finalidad\"><\/a><a name=\"legitimacion\"><\/a><br \/>\n<strong>3. Finalidades, legitimaci\u00f3n y conservaci\u00f3n del tratamiento de sus datos personales<\/strong><a class=\"ancla\" name=\"Legitimacion\"><\/a><\/p>\n<p><strong>3.1 DATOS DE CLIENTES O CLIENTES POTENCIALES<\/strong><\/p>\n<p><strong>Finalidad:\u00a0<\/strong>mantener el contacto y la comunicaci\u00f3n con el cliente, gestionar la relaci\u00f3n contractual y\/o comercial, incluidos servicios de postventa y la gesti\u00f3n y facturaci\u00f3n de los servicios y\/o productos solicitados. Asimismo, se podr\u00e1n enviar a los clientes comunicaciones publicitarias o promocionales en virtud de lo dispuesto en el art\u00edculo 21 de la Ley 34\/2002, de 11 de julio, de servicios de la sociedad de la informaci\u00f3n y comercio electr\u00f3nico.<\/p>\n<p><strong>Legitimaci\u00f3n:\u00a0<\/strong>La base jur\u00eddica que nos legitima para el tratamiento de los datos personales de nuestros clientes es la relaci\u00f3n contractual en cada caso.<\/p>\n<p><strong>Conservaci\u00f3n:\u00a0<\/strong>hasta la finalizaci\u00f3n de la relaci\u00f3n contractual y, posteriormente, durante los plazos legalmente exigidos.<\/p>\n<p><strong>3.2 DATOS DE ACCIONISTAS, ANALISTAS, INVERSORES Y MEDIOS DE COMUNICACI\u00d3N<\/strong><\/p>\n<p><strong>Finalidad:\u00a0<\/strong>Mantener el contacto y la comunicaci\u00f3n con los accionistas, inversores, analistas y medios de comunicaci\u00f3n.<\/p>\n<p><strong>Legitimaci\u00f3n:<\/strong>\u00a0El consentimiento del usuario al solicitarnos informaci\u00f3n a trav\u00e9s de nuestro formulario de contacto y al marcar la casilla de aceptaci\u00f3n de la pol\u00edtica de privacidad.<\/p>\n<p><strong>Conservaci\u00f3n:<\/strong>\u00a0Hasta que el interesado revoque el consentimiento y solicite la baja del servicio.<\/p>\n<p><strong>3.3 FARMACOVIGILANCIA<\/strong><\/p>\n<p><strong>Finalidad:\u00a0<\/strong>Gesti\u00f3n de los datos proporcionados en virtud de la legislaci\u00f3n aplicable.<\/p>\n<p><strong>Legitimaci\u00f3n:\u00a0<\/strong>La base jur\u00eddica que nos legitima para el tratamiento de los datos personales de usuarios en relaci\u00f3n con actividades de farmacovigilancia es el cumplimiento por parte de FAES FARMA de lo dispuesto en el Real Decreto 577\/2013, por el que se regula la farmacovigilancia de medicamentos de uso humano.<\/p>\n<p><strong>Conservaci\u00f3n:\u00a0<\/strong>durante los plazos legalmente exigidos.<\/p>\n<p><strong>3.4 SUSCRIPCI\u00d3N A NUESTRAS WEBSITES<\/strong><\/p>\n<p><strong>Finalidad:<\/strong>\u00a0La prestaci\u00f3n de los servicios, cuya prestaci\u00f3n haya solicitado el interesado, en cada caso, de conformidad con la descripci\u00f3n detallada en cada una de las websites.<\/p>\n<p><strong>Legitimaci\u00f3n:\u00a0<\/strong>El consentimiento del usuario al solicitarnos la suscripci\u00f3n en la p\u00e1gina web para la prestaci\u00f3n de los servicios y al marcar la casilla de aceptaci\u00f3n de la pol\u00edtica de privacidad.<\/p>\n<p><strong>Conservaci\u00f3n:\u00a0<\/strong>Hasta que el interesado revoque el consentimiento y solicite la baja del servicio.<\/p>\n<p><strong>3.5 FORMULARIO DE CONTACTO<\/strong><\/p>\n<p><strong>Finalidad:<\/strong>\u00a0Facilitarle un medio a trav\u00e9s del que pueda ponerse en contacto con nosotros y contestar a sus solicitudes de informaci\u00f3n.<\/p>\n<p><strong>Legitimaci\u00f3n:\u00a0<\/strong>El consentimiento del usuario al solicitarnos informaci\u00f3n a trav\u00e9s de nuestro formulario de contacto y al marcar la casilla de aceptaci\u00f3n de la pol\u00edtica de privacidad.<\/p>\n<p><strong>Conservaci\u00f3n:\u00a0<\/strong>Una vez resuelta su solicitud por medio de nuestro formulario o contestada por correo electr\u00f3nico, si no ha generado un nuevo tratamiento.<\/p>\n<p><strong>3.6 FORMULARIO DE ALTA PARA PARTICIPACI\u00d3N EN LOS BLOGS<\/strong><\/p>\n<p><strong>Finalidad:<\/strong>\u00a0Posibilidad de los usuarios de participaci\u00f3n activa en las distintas publicaciones realizadas en las websites, mediante la publicaci\u00f3n de opiniones personales en dichos sitios web.<\/p>\n<p><strong>Legitimaci\u00f3n:<\/strong>\u00a0El consentimiento del usuario al remitirnos su informaci\u00f3n personal y al marcar la casilla de aceptaci\u00f3n de la pol\u00edtica de privacidad.<\/p>\n<p><strong>Conservaci\u00f3n:\u00a0<\/strong>Hasta que el interesado revoque el consentimiento y solicite la supresi\u00f3n de sus datos personales.<\/p>\n<p><strong>3.7 ENV\u00cdO DE CORREOS ELECTR\u00d3NICOS<\/strong><\/p>\n<p><strong>Finalidad:\u00a0<\/strong>Contestar a sus solicitudes de informaci\u00f3n, atender sus peticiones y responder sus consultas o dudas.<\/p>\n<p><strong>Legitimaci\u00f3n:\u00a0<\/strong>El consentimiento del usuario al solicitarnos informaci\u00f3n a trav\u00e9s de la direcci\u00f3n de correo electr\u00f3nico.<\/p>\n<p><strong>Conservaci\u00f3n:\u00a0<\/strong>Una vez contestada su petici\u00f3n por correo electr\u00f3nico, si no ha generado un nuevo tratamiento.<\/p>\n<p><strong>3.8 ENV\u00cdO DE CURRICULUM VITAE<\/strong><\/p>\n<p><strong>Finalidad:<\/strong>\u00a0Disponer de su curr\u00edculum vitae para que pueda participar en nuestros procesos de selecci\u00f3n de personal.<\/p>\n<p><strong>Legitimaci\u00f3n:\u00a0<\/strong>El consentimiento del usuario al remitirnos su informaci\u00f3n personal y documentaci\u00f3n para nuestros procesos de selecci\u00f3n de personal y al marcar la casilla de aceptaci\u00f3n de la pol\u00edtica de privacidad.<\/p>\n<p><strong>Conservaci\u00f3n:\u00a0<\/strong>Durante el desarrollo de los procesos de selecci\u00f3n de personal abiertos y, posteriormente, durante un (1) a\u00f1o para futuros procesos.<\/p>\n<p><strong>3.9 SUSCRIPCI\u00d3N A NUESTRAS NEWSLETTERS<\/strong><\/p>\n<p><strong>Finalidad:\u00a0<\/strong>Env\u00edo de comunicaciones informativas y publicitarias relativas a cualquiera de los productos y\/o servicios del Grupo Faes, incluso por medios electr\u00f3nicos, como correos electr\u00f3nicos.<\/p>\n<p><strong>Legitimaci\u00f3n:\u00a0<\/strong>El consentimiento del usuario al suscribirse a nuestras newsletters y\/o comunicaciones comerciales y al marcar la casilla de aceptaci\u00f3n de la pol\u00edtica de privacidad.<\/p>\n<p><strong>Conservaci\u00f3n:<\/strong>\u00a0Hasta que el interesado revoque el consentimiento y solicite la baja del servicio.<\/p>\n<p><strong>3.10 SORTEOS Y CONCURSOS<\/strong><\/p>\n<p><strong>Finalidad:\u00a0<\/strong>La participaci\u00f3n en sorteos y\/o concursos organizados por Grupo Faes.<\/p>\n<p><strong>Legitimaci\u00f3n:<\/strong>\u00a0El consentimiento del usuario al suscribirse a dichos sorteos y\/o concursos y al marcar la casilla de aceptaci\u00f3n de la pol\u00edtica de privacidad.<\/p>\n<p><strong>Conservaci\u00f3n:\u00a0<\/strong>Durante el desarrollo de dichos sorteos y\/o concursos.<\/p>\n<p><strong>3.11 USUARIOS SUSCRITOS A CURSOS<\/strong><\/p>\n<p><strong>Finalidad:\u00a0<\/strong>Proporcionar al usuario el curso solicitado.<\/p>\n<p><strong>Legitimaci\u00f3n:\u00a0<\/strong>El contrato suscrito con el usuario para impartir el curso al que el usuario se haya inscrito.<\/p>\n<p><strong>Conservaci\u00f3n:\u00a0<\/strong>Durante el tiempo que dure el curso en cuesti\u00f3n.<\/p>\n<p><strong>3.12 ACCESO A WI-FI POR VISITANTES<\/strong><\/p>\n<p><strong>Finalidad:\u00a0<\/strong>Facilitar a los visitantes de cualquiera de las instalaciones de las sociedades que forman parte de Grupo Faes el acceso a internet mediante sus dispositivos electr\u00f3nicos, siendo adem\u00e1s una medida de seguridad necesaria a fin de conocer los dispositivos conectados a la red de Grupo Faes.<\/p>\n<p><strong>Legitimaci\u00f3n:\u00a0<\/strong>El consentimiento del usuario a acceder a la red wi-fi y al marcar la casilla de aceptaci\u00f3n de la pol\u00edtica de privacidad.<\/p>\n<p><strong>Conservaci\u00f3n:\u00a0<\/strong>Durante el tiempo imprescindible para el acceso por parte de los visitantes a la red wi-fi.<\/p>\n<p><strong>3.13 REDES SOCIALES<\/strong><\/p>\n<p>Las sociedades que conforman el Grupo Faes cuentan con diversos perfiles en algunas de las principales redes sociales de internet, siendo FAES FARMA responsable de los datos personales que los usuarios env\u00eden de forma privada a las empresas de Grupo Faes. El tratamiento de los datos que se lleve a cabo de las personas que se hagan seguidoras de las p\u00e1ginas oficiales que las sociedades de Grupo Faes disponen en las diferentes redes sociales y\/o que se pongan en contacto mediante dichas p\u00e1ginas oficiales y\/o que realicen cualquier v\u00ednculo o acci\u00f3n de conexi\u00f3n a trav\u00e9s de dichas redes sociales, se regir\u00e1 por este apartado y por las pol\u00edticas de privacidad y uso de la red social que se trate en cada caso, de forma que, el tratamiento que FAES FARMA llevar\u00e1 a cabo con los datos dentro de cada una de las redes sociales, ser\u00e1 como m\u00e1ximo el que la red social permita a los perfiles corporativos.<\/p>\n<p><strong>Finalidad:<\/strong>\u00a0Tratar\u00e1 sus datos con las finalidades de administrar correctamente su presencia en las redes sociales, informar de actividades, productos o servicios del Grupo Faes, as\u00ed como cualquier otra finalidad que las normativas de las redes sociales puedan permitir.<br \/>\n<a name=\"destinatarios\"><\/a><br \/>\n<strong>4. Destinatarios de sus datos personales<\/strong><a class=\"ancla\" name=\"Destinatarios\"><\/a><\/p>\n<p>FAES FARMA se compromete a no vender, difundir ni transmitir de ning\u00fan otro modo los datos personales de los usuarios a terceros, excepto en los casos indicados en la presente pol\u00edtica de privacidad.<\/p>\n<p>Sus datos personales se comunicar\u00e1n a otras mercantiles del Grupo Faes para fines administrativos internos, incluido el tratamiento de datos personales de clientes o empleados.<\/p>\n<p>Asimismo, FAES FARMA podr\u00e1 compartir sus datos personales con prestadores de servicios inform\u00e1ticos y log\u00edsticos, que se encuentran obligados por contrato a proteger la confidencialidad y seguridad de los datos personales a los que tengan acceso, que contar\u00e1n a su vez con sus correspondientes condiciones de privacidad. A continuaci\u00f3n, podr\u00e1\u00a0<a href=\"https:\/\/faesfarma.com\/accionistas-e-inversores\/terceros-a-los-que-facilitamos-datos-personales\/\" target=\"_blank\" rel=\"noopener\">consultar los terceros a los que podemos facilitar sus datos<\/a>.<\/p>\n<p>Asimismo, los datos personales de los usuarios pueden ser consultados por organismos reguladores, policiales, p\u00fablicos o tribunales nacionales o internacionales, o transferidos a ellos, bien cuando tengamos la obligaci\u00f3n de hacerlo en cumplimiento de la legislaci\u00f3n aplicable o cuando lo soliciten.<\/p>\n<p>Mediante la aceptaci\u00f3n de la presente pol\u00edtica de privacidad de protecci\u00f3n de datos los usuarios autorizan expresa e inequ\u00edvocamente la comunicaci\u00f3n de sus datos a las sociedades de Grupo Faes, conociendo que ello en determinadas ocasiones supone una transferencia internacional de datos a un pa\u00eds no perteneciente a la Uni\u00f3n Europea y dando su consentimiento inequ\u00edvoco a dicha transferencia. Si transferimos los datos personales de los usuarios a cualquier territorio fuera del Espacio Econ\u00f3mico Europeo (constituido por los estados miembros de la Uni\u00f3n Europea m\u00e1s Islandia, Liechtenstein y Noruega), garantizamos la protecci\u00f3n de los datos personales de los usuarios: (i) aplicando el nivel de protecci\u00f3n requerido conforme a la legislaci\u00f3n local en materia de protecci\u00f3n de datos o privacidad aplicable a FAES FARMA; (ii) actuando de conformidad con nuestras normas y pol\u00edticas; y (iii) le informamos que MailChimp certifica el acuerdo con el\u00a0<em>Marco de Privacy Shield UE \u2013 EE.UU<\/em>.<br \/>\n<a name=\"derechos\"><\/a><br \/>\n<strong>5. Derechos que le asisten respecto a sus datos personales<\/strong><a class=\"ancla\" name=\"Derechos\"><\/a><\/p>\n<p>Los derechos expuestos en el presente apartado y que asisten a los usuarios, podr\u00e1n ejercitarse mediante el env\u00edo de comunicaci\u00f3n a FAES FARMA a la direcci\u00f3n del domicilio social que consta en el apartado primero de la presente pol\u00edtica de privacidad de datos personales o a la direcci\u00f3n de correo electr\u00f3nico\u00a0<a href=\"mailto:rgpd@faesfarma.com\" target=\"_blank\" rel=\"noopener\">rgpd@faesfarma.com<\/a>, a la que deber\u00e1n adjuntar copia de su DNI.<\/p>\n<p>Los usuarios pueden retirar su consentimiento en cualquier momento. Igualmente, se informa a los usuarios que podr\u00e1n solicitar el ejercicio de los siguientes derechos:<\/p>\n<ul>\n<li>Derecho a solicitar el acceso a los datos personales. Cualquier persona tiene derecho a obtener confirmaci\u00f3n relativa a si FAES FARMA est\u00e1 tratando datos personales que le conciernen, o no, as\u00ed como a obtener una copia de los datos personales objeto de tratamiento.<\/li>\n<li>Derecho a solicitar la rectificaci\u00f3n de sus datos personales, en el supuesto de que fueran inexactos y\/o la supresi\u00f3n de los mismos.<\/li>\n<li>Derecho a solicitar la limitaci\u00f3n del tratamiento de sus datos personales, en cuyo caso sus datos personales \u00fanicamente podr\u00e1n ser tratados para el ejercicio o la defensa de reclamaciones.<\/li>\n<li>Derecho a oponerse al tratamiento de sus datos personales, en cuyo caso FAES FARMA dejar\u00e1 de tratar sus datos personales, salvo que concurran motivos leg\u00edtimos imperiosos o el ejercicio o la defensa de posibles reclamaciones requieran el tratamiento de sus datos personales.<\/li>\n<li>Derecho a la portabilidad de sus datos personales, en cuyo caso tendr\u00e1 derecho a recibir los datos personales que facilit\u00f3 a FAES FARMA en un formato estructurado, de uso com\u00fan y lectura mec\u00e1nica, y a que FAES FARMA transmita los mismos a un nuevo responsable de su elecci\u00f3n.<\/li>\n<\/ul>\n<p>En caso de divergencia con FAES FARMA en relaci\u00f3n con el tratamiento de sus datos, le informamos que puede presentar reclamaci\u00f3n ante la autoridad de protecci\u00f3n de datos que corresponda, siendo la Agencia Espa\u00f1ola de Protecci\u00f3n de Datos la competente,\u00a0<a href=\"http:\/\/www.agpd.es\/\" target=\"_blank\" rel=\"noopener\">www.agpd.es<\/a><br \/>\n<a name=\"procedencia\"><\/a><br \/>\n<strong>6. Procedencia de sus datos personales<\/strong><a class=\"ancla\" name=\"Procedencia\"><\/a><\/p>\n<p>Los datos personales que tratamos en FAES FARMA proceden bien directamente del interesado en el caso de que haya sido \u00e9ste quien nos los haya facilitado o bien de otras sociedades del Grupo Faes.<\/p>\n<p>Las categor\u00edas de datos que se tratan son:<\/p>\n<ul>\n<li>Datos de identificaci\u00f3n<\/li>\n<li>C\u00f3digos o claves de identificaci\u00f3n<\/li>\n<li>Direcciones postales o electr\u00f3nicas<\/li>\n<li>Informaci\u00f3n comercial<\/li>\n<li>Datos econ\u00f3micos<\/li>\n<\/ul>\n<p>Asimismo, se tratan datos personales especialmente protegidos como datos gen\u00e9ticos y datos relativos a la salud que est\u00e1n debidamente protegidos mediante las oportunas medidas de seguridad implantadas al efecto.<\/p>\n<p><strong>7.Datos t\u00e9cnicos y transaccionales<\/strong><\/p>\n<p>A continuaci\u00f3n, les indicamos las categor\u00edas de datos t\u00e9cnicos y transaccionales que podemos recoger sobre los usuarios:<\/p>\n<ul>\n<li>Informaci\u00f3n sobre su navegador y dispositivo.<\/li>\n<li>Estad\u00edsticas relativas al uso de nuestras p\u00e1ginas web que hagan los usuarios.<\/li>\n<li>Datos de uso.<\/li>\n<li>As\u00ed como cualquier informaci\u00f3n que nos proporcione al utilizar nuestras p\u00e1ginas webs.<\/li>\n<\/ul>\n<p>Los datos anteriormente mencionados, as\u00ed como los datos personales generados mediante\u00a0<em>cookies\u00a0<\/em>(puede consultar la Pol\u00edtica de Cookies en el\u00a0<a href=\"https:\/\/faesfarma.com\/politica-de-cookies\/\" target=\"_blank\" rel=\"noopener\">siguiente link<\/a>) se recogen en un formato seudonimizados y se encuentran sujetos a la presentaci\u00f3n de objeciones al tratamiento de estos datos personales, como se detalla en la Pol\u00edtica de Cookies.<\/p>\n<p><strong>Finalidad:\u00a0<\/strong>No utilizamos los datos personales indicados en el presente apartado para controlar a visitantes individuales o identificarles, sino para obtener un conocimiento pr\u00e1ctico sobre el modo en que los usuarios utilizan nuestras p\u00e1ginas web que permita a FAES FARMA mejorar las mismas para los usuarios.<\/p>\n<p><strong>8. Datos personales de terceros<\/strong><\/p>\n<p>Por lo que respecta a los datos de otras personas le recordamos que ha de respetar su privacidad, prestando especial cuidado a la hora de publicar sus datos de car\u00e1cter personal. Igualmente, como usuario, \u00fanicamente, puede consentir el tratamiento de sus datos personales, pero no de los de terceros, siendo que la comunicaci\u00f3n de datos de terceros constituye una cesi\u00f3n de datos de car\u00e1cter personal.<\/p>\n<p>En caso de que nos facilite datos de car\u00e1cter personal de terceros, es su exclusiva responsabilidad contar con su consentimiento previo y expreso para utilizarlos y comunic\u00e1rnoslos, haci\u00e9ndose responsable de comunicar a dichos terceros la inclusi\u00f3n de sus datos en nuestros ficheros.<\/p>\n<p><strong>9. \u00bfQu\u00e9 ocurre si no nos facilita sus datos personales?<\/strong><\/p>\n<p>La aportaci\u00f3n de sus datos personales es voluntaria, por lo que si no nos facilita los mismos no podremos atenderle correctamente ni prestarle los servicios que ofrecemos desde nuestras distintas websites.<\/p>\n<p><strong>10. Actualizaci\u00f3n de sus datos personales<\/strong><\/p>\n<p>Cuando voluntariamente nos facilita sus datos personales, garantiza que est\u00e1 facultado para proporcionarnos dichos datos y que la informaci\u00f3n es cierta veraz y actualizada. Asimismo, para que podamos mantener sus datos personales actualizados necesitamos que nos informe siempre que haya habido alguna modificaci\u00f3n en los mismos, en caso contrario no nos haremos responsables de la veracidad de los mismos.<\/p>\n<p><strong>11. Sitios web vinculados y aplicaciones de terceros<\/strong><\/p>\n<p>En nuestros sitios web puede haber hiperv\u00ednculos que le dejar\u00e1n abandonar los mismos, permiti\u00e9ndole tener acceso a otro sitio web. Los sitios vinculados no est\u00e1n bajo el control de FAES FARMA y tienen pol\u00edticas de privacidad diferentes. La Pol\u00edtica de Privacidad de FAES FARMA s\u00f3lo afecta a la informaci\u00f3n personal que se obtiene de nuestros sitios web, a trav\u00e9s del uso que usted hace del software de Grupo Faes o los servicios de Grupo Faes, o a trav\u00e9s de su relaci\u00f3n con Grupo Faes. FAES FARMA no acepta responsabilidad alguna por dichos sitios web de terceros.<\/p>\n<p>La pol\u00edtica de privacidad de FAES FARMA se aplica a los siguientes sitos webs:<\/p>\n<ul>\n<li><strong>Profesionales de la Salud:<\/strong>\u00a0<a href=\"https:\/\/profesionalessalud.faesfarma.com\/\" target=\"_blank\" rel=\"noopener\">https:\/\/profesionalessalud.faesfarma.com<\/a><\/li>\n<li><strong>Advanced Kit:<\/strong>\u00a0<a href=\"https:\/\/advancedkit.faesfarma.com\/\" target=\"_blank\" rel=\"noopener\">https:\/\/advancedkit.faesfarma.com<\/a><\/li>\n<li><strong>Faes Farma Farmacias:<\/strong>\u00a0<a href=\"https:\/\/faesfarmafarmacias.faesfarma.com\/\" target=\"_blank\" rel=\"noopener\">https:\/\/faesfarmafarmacias.faesfarma.com<\/a><\/li>\n<li><strong>ARC en EPOC:<\/strong>\u00a0<a href=\"https:\/\/arcenepoc.faesfarma.com\/\" target=\"_blank\" rel=\"noopener\">https:\/\/arcenepoc.faesfarma.com<\/a><\/li>\n<li><strong>Faes Farma Quiz:<\/strong>\u00a0<a href=\"https:\/\/faesfarmaquiz.lafarmaciahoy.com\/\" target=\"_blank\" rel=\"noopener\">https:\/\/faesfarmaquiz.lafarmaciahoy.com\/<\/a><\/li>\n<li><strong>Reto Casos Cl\u00ednicos:<\/strong>\u00a0<a href=\"https:\/\/profesionalessalud.faesfarma.com\/retocasosclinicos\/\" target=\"_blank\" rel=\"noopener\">https:\/\/profesionalessalud.faesfarma.com\/retocasosclinicos\/<\/a><\/li>\n<li><strong>Reto Casos Cl\u00ednicos en Colitis Ulcerosa:<\/strong>\u00a0<a href=\"https:\/\/retosencolitisulcerosa.faesfarma.com\/\" target=\"_blank\" rel=\"noopener\">https:\/\/retosencolitisulcerosa.faesfarma.com<\/a><\/li>\n<\/ul>\n","protected":false},"excerpt":{"rendered":"<p>\u00daltima actualizaci\u00f3n:\u00a025\/5\/2018 A continuaci\u00f3n, le proporcionamos toda la informaci\u00f3n necesaria sobre nuestra Pol\u00edtica de Privacidad en relaci\u00f3n con los datos personales que recabamos. 1. Responsable del tratamiento de sus datos&#8230;<\/p>\n","protected":false},"author":1,"featured_media":0,"parent":0,"menu_order":0,"comment_status":"closed","ping_status":"closed","template":"","meta":{"footnotes":""},"acf":[],"aioseo_notices":[],"_links":{"self":[{"href":"https:\/\/profesionalessalud.faesfarma.com\/retocasosclinicos\/wp-json\/wp\/v2\/pages\/1198"}],"collection":[{"href":"https:\/\/profesionalessalud.faesfarma.com\/retocasosclinicos\/wp-json\/wp\/v2\/pages"}],"about":[{"href":"https:\/\/profesionalessalud.faesfarma.com\/retocasosclinicos\/wp-json\/wp\/v2\/types\/page"}],"author":[{"embeddable":true,"href":"https:\/\/profesionalessalud.faesfarma.com\/retocasosclinicos\/wp-json\/wp\/v2\/users\/1"}],"replies":[{"embeddable":true,"href":"https:\/\/profesionalessalud.faesfarma.com\/retocasosclinicos\/wp-json\/wp\/v2\/comments?post=1198"}],"version-history":[{"count":2,"href":"https:\/\/profesionalessalud.faesfarma.com\/retocasosclinicos\/wp-json\/wp\/v2\/pages\/1198\/revisions"}],"predecessor-version":[{"id":2310,"href":"https:\/\/profesionalessalud.faesfarma.com\/retocasosclinicos\/wp-json\/wp\/v2\/pages\/1198\/revisions\/2310"}],"wp:attachment":[{"href":"https:\/\/profesionalessalud.faesfarma.com\/retocasosclinicos\/wp-json\/wp\/v2\/media?parent=1198"}],"curies":[{"name":"wp","href":"https:\/\/api.w.org\/{rel}","templated":true}]}}