{"id":2,"date":"2023-02-10T13:33:14","date_gmt":"2023-02-10T13:33:14","guid":{"rendered":"https:\/\/profesionalessalud.faesfarma.com\/retoscolitisulcerosa\/?page_id=2"},"modified":"2025-06-23T10:17:25","modified_gmt":"2025-06-23T10:17:25","slug":"como-participar","status":"publish","type":"page","link":"https:\/\/profesionalessalud.faesfarma.com\/retoscolitisulcerosa\/como-participar\/","title":{"rendered":"C\u00f3mo participar"},"content":{"rendered":"\n<div class=\"wp-block-group banner-ppal\"><div class=\"wp-block-group__inner-container is-layout-constrained wp-block-group-is-layout-constrained\">\n<div class=\"wp-block-group wrap\"><div class=\"wp-block-group__inner-container is-layout-constrained wp-block-group-is-layout-constrained\">\n<div class=\"wp-block-columns is-not-stacked-on-mobile control-columns is-layout-flex wp-container-core-columns-is-layout-9d6595d7 wp-block-columns-is-layout-flex\">\n<div class=\"wp-block-column is-vertically-aligned-center is-layout-flow wp-block-column-is-layout-flow\">\n<div class=\"wp-block-group control-width\"><div class=\"wp-block-group__inner-container is-layout-constrained wp-block-group-is-layout-constrained\">\n<p class=\"reto\" style=\"font-size:40px\">Reto <\/p>\n\n\n\n<h1 class=\"wp-block-heading reto has-theme-primary-color has-text-color\">CASOS CL\u00cdNICOS EN COLITIS ULCEROSA <\/h1>\n\n\n\n<h2 class=\"has-large-font-size\">Participa en los 3 casos cl\u00ednicos planteados y opta a una <b><font color=\"#F8C564\n\">inscripci\u00f3n al congreso de la Organizaci\u00f3n Europea de Crohn y Colitis  <\/font>que tendr\u00e1 lugar del 18 al 21 de febrero de 2026 en la ciudad de Estocolmo.<\/b><\/h2>\n<p> Si todav\u00eda no est\u00e1s registrado, haz clic <a href=\"https:\/\/profesionalessalud.faesfarma.com\/retoscolitisulcerosa\/iniciar-sesion\/\" target=\"_blank\">aqu\u00ed<\/a><\/p>\n<p> Caso Cl\u00ednico 2: Disponible hasta el <b><font color=\"#F8C564\">10 de noviembre<\/font><\/b><\/p> \n<p> Caso Cl\u00ednico 3: Disponible desde el <b><font color=\"#F8C564\">10 de octubre <\/font><\/b> hasta el <b><font color=\"#F8C564\">10 de noviembre<\/font><\/b><\/p><\/h2>\n<\/div><\/div>\n<\/div>\n\n\n\n<div class=\"wp-block-column column-image is-layout-flow wp-block-column-is-layout-flow\">\n<figure class=\"wp-block-image size-large is-resized\"><img loading=\"lazy\" decoding=\"async\" width=\"1024\" height=\"597\" src=\"https:\/\/profesionalessalud.faesfarma.com\/retoscolitisulcerosa\/wp-content\/uploads\/2023\/02\/imagen-caso-clinico-1024x597.jpg\" alt=\"\" class=\"wp-image-13\" style=\"width:768px;height:448px\" srcset=\"https:\/\/profesionalessalud.faesfarma.com\/retoscolitisulcerosa\/wp-content\/uploads\/2023\/02\/imagen-caso-clinico-1024x597.jpg 1024w, https:\/\/profesionalessalud.faesfarma.com\/retoscolitisulcerosa\/wp-content\/uploads\/2023\/02\/imagen-caso-clinico-300x175.jpg 300w, https:\/\/profesionalessalud.faesfarma.com\/retoscolitisulcerosa\/wp-content\/uploads\/2023\/02\/imagen-caso-clinico-768x448.jpg 768w, https:\/\/profesionalessalud.faesfarma.com\/retoscolitisulcerosa\/wp-content\/uploads\/2023\/02\/imagen-caso-clinico-1536x896.jpg 1536w, https:\/\/profesionalessalud.faesfarma.com\/retoscolitisulcerosa\/wp-content\/uploads\/2023\/02\/imagen-caso-clinico.jpg 1920w\" sizes=\"auto, (max-width: 1024px) 100vw, 1024px\" \/><\/figure>\n<\/div>\n<\/div>\n<\/div><\/div>\n<\/div><\/div>\n\n\n\n<div class=\"wp-block-group como-participar\"><div class=\"wp-block-group__inner-container is-layout-constrained wp-block-group-is-layout-constrained\">\n<div class=\"wp-block-group wrap\"><div class=\"wp-block-group__inner-container is-layout-constrained wp-block-group-is-layout-constrained\">\n<p class=\"title\">A continuaci\u00f3n se explica paso a paso c\u00f3mo jugar al juego de Casos Cl\u00ednicos de Faes Farma.<\/p>\n\n\n\n<div class=\"wp-block-group number-single number-single-01\"><div class=\"wp-block-group__inner-container is-layout-constrained wp-block-group-is-layout-constrained\">\n<div class=\"wp-block-columns are-vertically-aligned-center is-not-stacked-on-mobile is-layout-flex wp-container-core-columns-is-layout-9d6595d7 wp-block-columns-is-layout-flex\">\n<div class=\"wp-block-column is-vertically-aligned-center control-width is-layout-flow wp-block-column-is-layout-flow\" style=\"flex-basis:150px\">\n<figure class=\"wp-block-image size-full\"><img loading=\"lazy\" decoding=\"async\" width=\"486\" height=\"397\" src=\"https:\/\/profesionalessalud.faesfarma.com\/retoscolitisulcerosa\/wp-content\/uploads\/2023\/02\/01-number.jpg\" alt=\"\" class=\"wp-image-48\" srcset=\"https:\/\/profesionalessalud.faesfarma.com\/retoscolitisulcerosa\/wp-content\/uploads\/2023\/02\/01-number.jpg 486w, https:\/\/profesionalessalud.faesfarma.com\/retoscolitisulcerosa\/wp-content\/uploads\/2023\/02\/01-number-300x245.jpg 300w\" sizes=\"auto, (max-width: 486px) 100vw, 486px\" \/><\/figure>\n<\/div>\n\n\n\n<div class=\"wp-block-column is-vertically-aligned-center is-layout-flow wp-block-column-is-layout-flow\">\n<p class=\"title-single-number\">Registro<\/p>\n\n\n\n<p>Accede a retocolitisulcerosa.faesfarma.com<\/p>\n<\/div>\n<\/div>\n<\/div><\/div>\n\n\n\n<div class=\"wp-block-group number-single\"><div class=\"wp-block-group__inner-container is-layout-constrained wp-block-group-is-layout-constrained\">\n<div class=\"wp-block-columns are-vertically-aligned-center is-not-stacked-on-mobile is-layout-flex wp-container-core-columns-is-layout-9d6595d7 wp-block-columns-is-layout-flex\">\n<div class=\"wp-block-column is-vertically-aligned-center control-width is-layout-flow wp-block-column-is-layout-flow\" style=\"flex-basis:150px\">\n<figure class=\"wp-block-image size-full\"><img loading=\"lazy\" decoding=\"async\" width=\"486\" height=\"398\" src=\"https:\/\/profesionalessalud.faesfarma.com\/retoscolitisulcerosa\/wp-content\/uploads\/2023\/02\/02-number.jpg\" alt=\"\" class=\"wp-image-61\" srcset=\"https:\/\/profesionalessalud.faesfarma.com\/retoscolitisulcerosa\/wp-content\/uploads\/2023\/02\/02-number.jpg 486w, https:\/\/profesionalessalud.faesfarma.com\/retoscolitisulcerosa\/wp-content\/uploads\/2023\/02\/02-number-300x246.jpg 300w\" sizes=\"auto, (max-width: 486px) 100vw, 486px\" \/><\/figure>\n<\/div>\n\n\n\n<div class=\"wp-block-column is-vertically-aligned-center is-layout-flow wp-block-column-is-layout-flow\">\n<p>Si ya est\u00e1 registrado en la plataforma Profesionales de la Salud, de Faes Farma,  pase al punto 4.<\/p>\n<\/div>\n<\/div>\n<\/div><\/div>\n\n\n\n<div class=\"wp-block-group number-single\"><div class=\"wp-block-group__inner-container is-layout-constrained wp-block-group-is-layout-constrained\">\n<div class=\"wp-block-columns are-vertically-aligned-center is-not-stacked-on-mobile is-layout-flex wp-container-core-columns-is-layout-9d6595d7 wp-block-columns-is-layout-flex\">\n<div class=\"wp-block-column is-vertically-aligned-center control-width is-layout-flow wp-block-column-is-layout-flow\" style=\"flex-basis:150px\">\n<figure class=\"wp-block-image size-full\"><img loading=\"lazy\" decoding=\"async\" width=\"486\" height=\"398\" src=\"https:\/\/profesionalessalud.faesfarma.com\/retoscolitisulcerosa\/wp-content\/uploads\/2023\/02\/03-number.jpg\" alt=\"\" class=\"wp-image-66\" srcset=\"https:\/\/profesionalessalud.faesfarma.com\/retoscolitisulcerosa\/wp-content\/uploads\/2023\/02\/03-number.jpg 486w, https:\/\/profesionalessalud.faesfarma.com\/retoscolitisulcerosa\/wp-content\/uploads\/2023\/02\/03-number-300x246.jpg 300w\" sizes=\"auto, (max-width: 486px) 100vw, 486px\" \/><\/figure>\n<\/div>\n\n\n\n<div class=\"wp-block-column is-vertically-aligned-center is-layout-flow wp-block-column-is-layout-flow\">\n<p>Si no est\u00e1 registrado, puede hacerlo directamente en la web del Reto Casos Cl\u00ednicos en Colitis Ulcerosa (Login\/Registro).<\/p>\n<\/div>\n<\/div>\n<\/div><\/div>\n\n\n\n<div class=\"wp-block-group number-single\"><div class=\"wp-block-group__inner-container is-layout-constrained wp-block-group-is-layout-constrained\">\n<div class=\"wp-block-columns are-vertically-aligned-center is-not-stacked-on-mobile is-layout-flex wp-container-core-columns-is-layout-9d6595d7 wp-block-columns-is-layout-flex\">\n<div class=\"wp-block-column is-vertically-aligned-center control-width is-layout-flow wp-block-column-is-layout-flow\" style=\"flex-basis:150px\">\n<figure class=\"wp-block-image size-full\"><img loading=\"lazy\" decoding=\"async\" width=\"486\" height=\"398\" src=\"https:\/\/profesionalessalud.faesfarma.com\/retoscolitisulcerosa\/wp-content\/uploads\/2023\/02\/04-number.jpg\" alt=\"\" class=\"wp-image-67\" srcset=\"https:\/\/profesionalessalud.faesfarma.com\/retoscolitisulcerosa\/wp-content\/uploads\/2023\/02\/04-number.jpg 486w, https:\/\/profesionalessalud.faesfarma.com\/retoscolitisulcerosa\/wp-content\/uploads\/2023\/02\/04-number-300x246.jpg 300w\" sizes=\"auto, (max-width: 486px) 100vw, 486px\" \/><\/figure>\n<\/div>\n\n\n\n<div class=\"wp-block-column is-vertically-aligned-center is-layout-flow wp-block-column-is-layout-flow\">\n<p class=\"title-single-number\">Participaci\u00f3n<\/p>\n\n\n\n<p>Inicie sesi\u00f3n (Login\/Registro) y haga click en PARTICIPA EN EL RETO.<\/p>\n<\/div>\n<\/div>\n<\/div><\/div>\n\n\n\n<div class=\"wp-block-group number-single\"><div class=\"wp-block-group__inner-container is-layout-constrained wp-block-group-is-layout-constrained\">\n<div class=\"wp-block-columns are-vertically-aligned-center is-not-stacked-on-mobile is-layout-flex wp-container-core-columns-is-layout-9d6595d7 wp-block-columns-is-layout-flex\">\n<div class=\"wp-block-column is-vertically-aligned-center control-width is-layout-flow wp-block-column-is-layout-flow\" style=\"flex-basis:150px\">\n<figure class=\"wp-block-image size-full\"><img loading=\"lazy\" decoding=\"async\" width=\"486\" height=\"398\" src=\"https:\/\/profesionalessalud.faesfarma.com\/retoscolitisulcerosa\/wp-content\/uploads\/2023\/02\/05-number.jpg\" alt=\"\" class=\"wp-image-68\" srcset=\"https:\/\/profesionalessalud.faesfarma.com\/retoscolitisulcerosa\/wp-content\/uploads\/2023\/02\/05-number.jpg 486w, https:\/\/profesionalessalud.faesfarma.com\/retoscolitisulcerosa\/wp-content\/uploads\/2023\/02\/05-number-300x246.jpg 300w\" sizes=\"auto, (max-width: 486px) 100vw, 486px\" \/><\/figure>\n<\/div>\n\n\n\n<div class=\"wp-block-column is-vertically-aligned-center is-layout-flow wp-block-column-is-layout-flow\">\n<p>Acceda a la descripci\u00f3n del caso y haga click en INICIO DEL RETO.<\/p>\n<\/div>\n<\/div>\n<\/div><\/div>\n\n\n\n<div class=\"wp-block-group number-single\"><div class=\"wp-block-group__inner-container is-layout-constrained wp-block-group-is-layout-constrained\">\n<div class=\"wp-block-columns are-vertically-aligned-center is-not-stacked-on-mobile is-layout-flex wp-container-core-columns-is-layout-9d6595d7 wp-block-columns-is-layout-flex\">\n<div class=\"wp-block-column is-vertically-aligned-center control-width is-layout-flow wp-block-column-is-layout-flow\" style=\"flex-basis:150px\">\n<figure class=\"wp-block-image size-full\"><img loading=\"lazy\" decoding=\"async\" width=\"486\" height=\"398\" src=\"https:\/\/profesionalessalud.faesfarma.com\/retoscolitisulcerosa\/wp-content\/uploads\/2023\/02\/06-number.jpg\" alt=\"\" class=\"wp-image-69\" srcset=\"https:\/\/profesionalessalud.faesfarma.com\/retoscolitisulcerosa\/wp-content\/uploads\/2023\/02\/06-number.jpg 486w, https:\/\/profesionalessalud.faesfarma.com\/retoscolitisulcerosa\/wp-content\/uploads\/2023\/02\/06-number-300x246.jpg 300w\" sizes=\"auto, (max-width: 486px) 100vw, 486px\" \/><\/figure>\n<\/div>\n\n\n\n<div class=\"wp-block-column is-vertically-aligned-center is-layout-flow wp-block-column-is-layout-flow\">\n<p>Conteste a las diferentes preguntas que se plantean. Siempre tendr\u00e1 disponible toda la informaci\u00f3n necesaria para resolver el caso.<\/p>\n<\/div>\n<\/div>\n<\/div><\/div>\n\n\n\n<div class=\"wp-block-group number-single\"><div class=\"wp-block-group__inner-container is-layout-constrained wp-block-group-is-layout-constrained\">\n<div class=\"wp-block-columns are-vertically-aligned-center is-not-stacked-on-mobile is-layout-flex wp-container-core-columns-is-layout-9d6595d7 wp-block-columns-is-layout-flex\">\n<div class=\"wp-block-column is-vertically-aligned-center control-width is-layout-flow wp-block-column-is-layout-flow\" style=\"flex-basis:150px\">\n<figure class=\"wp-block-image size-full\"><img loading=\"lazy\" decoding=\"async\" width=\"486\" height=\"397\" src=\"https:\/\/profesionalessalud.faesfarma.com\/retoscolitisulcerosa\/wp-content\/uploads\/2023\/02\/07-number.jpg\" alt=\"\" class=\"wp-image-70\" srcset=\"https:\/\/profesionalessalud.faesfarma.com\/retoscolitisulcerosa\/wp-content\/uploads\/2023\/02\/07-number.jpg 486w, https:\/\/profesionalessalud.faesfarma.com\/retoscolitisulcerosa\/wp-content\/uploads\/2023\/02\/07-number-300x245.jpg 300w\" sizes=\"auto, (max-width: 486px) 100vw, 486px\" \/><\/figure>\n<\/div>\n\n\n\n<div class=\"wp-block-column is-vertically-aligned-center is-layout-flow wp-block-column-is-layout-flow\">\n<p>Una vez respondidas todas las preguntas, llegar\u00e1s a la pantalla final del caso cl\u00ednico en el que se te felicita por haberlo superado el reto y confirmando as\u00ed la participaci\u00f3n. <\/p>\n<\/div>\n<\/div>\n<\/div><\/div>\n<\/div><\/div>\n<\/div><\/div>\n","protected":false},"excerpt":{"rendered":"<p>A continuaci\u00f3n se explica paso a paso c\u00f3mo jugar al juego de Casos Cl\u00ednicos de Faes Farma. Registro Accede a retocolitisulcerosa.faesfarma.com Si ya est\u00e1 registrado en la plataforma Profesionales de la Salud, de Faes Farma, pase al punto 4. Si no est\u00e1 registrado, puede hacerlo directamente en la web del Reto Casos Cl\u00ednicos en Colitis [&hellip;]<\/p>\n","protected":false},"author":1,"featured_media":0,"parent":0,"menu_order":0,"comment_status":"closed","ping_status":"open","template":"page-templates\/page-full-width.php","meta":{"_genesis_hide_title":false,"_genesis_hide_breadcrumbs":false,"_genesis_hide_singular_image":false,"_genesis_hide_footer_widgets":false,"_genesis_custom_body_class":"","_genesis_custom_post_class":"","_genesis_layout":"","_themeisle_gutenberg_block_has_review":false,"footnotes":""},"class_list":{"0":"post-2","1":"page","2":"type-page","3":"status-publish","5":"entry"},"acf":[],"yoast_head":"<!-- This site is optimized with the Yoast SEO plugin v20.8 - https:\/\/yoast.com\/wordpress\/plugins\/seo\/ -->\n<title>C\u00f3mo participar - Casos Cl\u00ednicos<\/title>\n<meta name=\"robots\" content=\"noindex, follow, max-snippet:-1, max-image-preview:large, max-video-preview:-1\" \/>\n<meta property=\"og:locale\" content=\"es_ES\" \/>\n<meta property=\"og:type\" content=\"article\" \/>\n<meta property=\"og:title\" content=\"C\u00f3mo participar - Casos Cl\u00ednicos\" \/>\n<meta property=\"og:description\" content=\"A continuaci\u00f3n se explica paso a paso c\u00f3mo jugar al juego de Casos Cl\u00ednicos de Faes Farma. Registro Accede a retocolitisulcerosa.faesfarma.com Si ya est\u00e1 registrado en la plataforma Profesionales de la Salud, de Faes Farma, pase al punto 4. Si no est\u00e1 registrado, puede hacerlo directamente en la web del Reto Casos Cl\u00ednicos en Colitis [&hellip;]\" \/>\n<meta property=\"og:url\" content=\"https:\/\/profesionalessalud.faesfarma.com\/retoscolitisulcerosa\/como-participar\/\" \/>\n<meta property=\"og:site_name\" content=\"Casos Cl\u00ednicos\" \/>\n<meta property=\"article:modified_time\" content=\"2025-06-23T10:17:25+00:00\" \/>\n<meta property=\"og:image\" content=\"https:\/\/profesionalessalud.faesfarma.com\/retoscolitisulcerosa\/wp-content\/uploads\/2023\/02\/01-number.jpg\" \/>\n<meta name=\"twitter:card\" content=\"summary_large_image\" \/>\n<meta name=\"twitter:label1\" content=\"Tiempo de lectura\" \/>\n\t<meta name=\"twitter:data1\" content=\"3 minutos\" \/>\n<script type=\"application\/ld+json\" class=\"yoast-schema-graph\">{\"@context\":\"https:\/\/schema.org\",\"@graph\":[{\"@type\":\"WebPage\",\"@id\":\"https:\/\/profesionalessalud.faesfarma.com\/retoscolitisulcerosa\/como-participar\/\",\"url\":\"https:\/\/profesionalessalud.faesfarma.com\/retoscolitisulcerosa\/como-participar\/\",\"name\":\"C\u00f3mo participar - Casos Cl\u00ednicos\",\"isPartOf\":{\"@id\":\"https:\/\/profesionalessalud.faesfarma.com\/retoscolitisulcerosa\/#website\"},\"datePublished\":\"2023-02-10T13:33:14+00:00\",\"dateModified\":\"2025-06-23T10:17:25+00:00\",\"breadcrumb\":{\"@id\":\"https:\/\/profesionalessalud.faesfarma.com\/retoscolitisulcerosa\/como-participar\/#breadcrumb\"},\"inLanguage\":\"es\",\"potentialAction\":[{\"@type\":\"ReadAction\",\"target\":[\"https:\/\/profesionalessalud.faesfarma.com\/retoscolitisulcerosa\/como-participar\/\"]}]},{\"@type\":\"BreadcrumbList\",\"@id\":\"https:\/\/profesionalessalud.faesfarma.com\/retoscolitisulcerosa\/como-participar\/#breadcrumb\",\"itemListElement\":[{\"@type\":\"ListItem\",\"position\":1,\"name\":\"Portada\",\"item\":\"https:\/\/profesionalessalud.faesfarma.com\/retoscolitisulcerosa\/\"},{\"@type\":\"ListItem\",\"position\":2,\"name\":\"C\u00f3mo participar\"}]},{\"@type\":\"WebSite\",\"@id\":\"https:\/\/profesionalessalud.faesfarma.com\/retoscolitisulcerosa\/#website\",\"url\":\"https:\/\/profesionalessalud.faesfarma.com\/retoscolitisulcerosa\/\",\"name\":\"Casos Cl\u00ednicos\",\"description\":\"\",\"potentialAction\":[{\"@type\":\"SearchAction\",\"target\":{\"@type\":\"EntryPoint\",\"urlTemplate\":\"https:\/\/profesionalessalud.faesfarma.com\/retoscolitisulcerosa\/?s={search_term_string}\"},\"query-input\":\"required name=search_term_string\"}],\"inLanguage\":\"es\"}]}<\/script>\n<!-- \/ Yoast SEO plugin. -->","yoast_head_json":{"title":"C\u00f3mo participar - Casos Cl\u00ednicos","robots":{"index":"noindex","follow":"follow","max-snippet":"max-snippet:-1","max-image-preview":"max-image-preview:large","max-video-preview":"max-video-preview:-1"},"og_locale":"es_ES","og_type":"article","og_title":"C\u00f3mo participar - Casos Cl\u00ednicos","og_description":"A continuaci\u00f3n se explica paso a paso c\u00f3mo jugar al juego de Casos Cl\u00ednicos de Faes Farma. Registro Accede a retocolitisulcerosa.faesfarma.com Si ya est\u00e1 registrado en la plataforma Profesionales de la Salud, de Faes Farma, pase al punto 4. Si no est\u00e1 registrado, puede hacerlo directamente en la web del Reto Casos Cl\u00ednicos en Colitis [&hellip;]","og_url":"https:\/\/profesionalessalud.faesfarma.com\/retoscolitisulcerosa\/como-participar\/","og_site_name":"Casos Cl\u00ednicos","article_modified_time":"2025-06-23T10:17:25+00:00","og_image":[{"url":"https:\/\/profesionalessalud.faesfarma.com\/retoscolitisulcerosa\/wp-content\/uploads\/2023\/02\/01-number.jpg"}],"twitter_card":"summary_large_image","twitter_misc":{"Tiempo de lectura":"3 minutos"},"schema":{"@context":"https:\/\/schema.org","@graph":[{"@type":"WebPage","@id":"https:\/\/profesionalessalud.faesfarma.com\/retoscolitisulcerosa\/como-participar\/","url":"https:\/\/profesionalessalud.faesfarma.com\/retoscolitisulcerosa\/como-participar\/","name":"C\u00f3mo participar - Casos Cl\u00ednicos","isPartOf":{"@id":"https:\/\/profesionalessalud.faesfarma.com\/retoscolitisulcerosa\/#website"},"datePublished":"2023-02-10T13:33:14+00:00","dateModified":"2025-06-23T10:17:25+00:00","breadcrumb":{"@id":"https:\/\/profesionalessalud.faesfarma.com\/retoscolitisulcerosa\/como-participar\/#breadcrumb"},"inLanguage":"es","potentialAction":[{"@type":"ReadAction","target":["https:\/\/profesionalessalud.faesfarma.com\/retoscolitisulcerosa\/como-participar\/"]}]},{"@type":"BreadcrumbList","@id":"https:\/\/profesionalessalud.faesfarma.com\/retoscolitisulcerosa\/como-participar\/#breadcrumb","itemListElement":[{"@type":"ListItem","position":1,"name":"Portada","item":"https:\/\/profesionalessalud.faesfarma.com\/retoscolitisulcerosa\/"},{"@type":"ListItem","position":2,"name":"C\u00f3mo participar"}]},{"@type":"WebSite","@id":"https:\/\/profesionalessalud.faesfarma.com\/retoscolitisulcerosa\/#website","url":"https:\/\/profesionalessalud.faesfarma.com\/retoscolitisulcerosa\/","name":"Casos Cl\u00ednicos","description":"","potentialAction":[{"@type":"SearchAction","target":{"@type":"EntryPoint","urlTemplate":"https:\/\/profesionalessalud.faesfarma.com\/retoscolitisulcerosa\/?s={search_term_string}"},"query-input":"required name=search_term_string"}],"inLanguage":"es"}]}},"_links":{"self":[{"href":"https:\/\/profesionalessalud.faesfarma.com\/retoscolitisulcerosa\/wp-json\/wp\/v2\/pages\/2","targetHints":{"allow":["GET"]}}],"collection":[{"href":"https:\/\/profesionalessalud.faesfarma.com\/retoscolitisulcerosa\/wp-json\/wp\/v2\/pages"}],"about":[{"href":"https:\/\/profesionalessalud.faesfarma.com\/retoscolitisulcerosa\/wp-json\/wp\/v2\/types\/page"}],"author":[{"embeddable":true,"href":"https:\/\/profesionalessalud.faesfarma.com\/retoscolitisulcerosa\/wp-json\/wp\/v2\/users\/1"}],"replies":[{"embeddable":true,"href":"https:\/\/profesionalessalud.faesfarma.com\/retoscolitisulcerosa\/wp-json\/wp\/v2\/comments?post=2"}],"version-history":[{"count":22,"href":"https:\/\/profesionalessalud.faesfarma.com\/retoscolitisulcerosa\/wp-json\/wp\/v2\/pages\/2\/revisions"}],"predecessor-version":[{"id":461,"href":"https:\/\/profesionalessalud.faesfarma.com\/retoscolitisulcerosa\/wp-json\/wp\/v2\/pages\/2\/revisions\/461"}],"wp:attachment":[{"href":"https:\/\/profesionalessalud.faesfarma.com\/retoscolitisulcerosa\/wp-json\/wp\/v2\/media?parent=2"}],"curies":[{"name":"wp","href":"https:\/\/api.w.org\/{rel}","templated":true}]}}