{"id":534,"date":"2025-12-03T16:04:43","date_gmt":"2025-12-03T16:04:43","guid":{"rendered":"https:\/\/profesionalessalud.faesfarma.com\/retoscolitisulcerosa\/?page_id=534"},"modified":"2025-12-03T16:11:12","modified_gmt":"2025-12-03T16:11:12","slug":"advertencia-legal","status":"publish","type":"page","link":"https:\/\/profesionalessalud.faesfarma.com\/retoscolitisulcerosa\/advertencia-legal\/","title":{"rendered":"Advertencia legal"},"content":{"rendered":"\n<div class=\"wp-block-group wrap control-legal\"><div class=\"wp-block-group__inner-container is-layout-constrained wp-block-group-is-layout-constrained\">\n<p><strong>\u00daltima actualizaci\u00f3n:<\/strong>&nbsp;22\/2\/2022<\/p>\n\n\n\n<p>Esta p\u00e1gina web pertenece a&nbsp;<strong>FAES FARMA, S.A.<\/strong>&nbsp;(A-48\/004 360), cuya actividad principal comprende la investigaci\u00f3n, fabricaci\u00f3n y comercializaci\u00f3n tanto de productos farmac\u00e9uticos (\u00e9ticos, publicitarios y dermofarmacia), como materias primas de uso farmac\u00e9utico.<\/p>\n\n\n\n<p>Por la utilizaci\u00f3n de este sitio web, se entiende que el usuario est\u00e1 de acuerdo con la totalidad de las condiciones enunciadas a continuaci\u00f3n.<\/p>\n\n\n\n<p><strong>PROPIEDAD INTELECTUAL E INDUSTRIAL<\/strong><\/p>\n\n\n\n<p>Excepto indicaci\u00f3n expresa en contrario, todos los contenidos del sitio web, incluidos, sin car\u00e1cter limitativo, textos, gr\u00e1ficos, denominaciones, logotipos, iconos, im\u00e1genes y software, etc. son bien propiedad de FAES FARMA, S.A. o de las sociedades de su grupo, y est\u00e1n protegidos por las normas nacionales e internacionales de propiedad industrial e intelectual.<\/p>\n\n\n\n<p>Por lo tanto, queda terminantemente prohibida cualquier clase de utilizaci\u00f3n del contenido de este sitio web, incluidas la reproducci\u00f3n, modificaci\u00f3n, distribuci\u00f3n, transmisi\u00f3n, posterior publicaci\u00f3n, exhibici\u00f3n o representaci\u00f3n total o parcial del mismo, sin el consentimiento expreso de FAES FARMA, S.A.<\/p>\n\n\n\n<p><strong>AUTORIA DEL SITIO WEB<\/strong><\/p>\n\n\n\n<p>Los contenidos del sitio web de FAES FARMA (<a href=\"https:\/\/faesfarma.com\/\">www.faesfarma.com<\/a>) son de creaci\u00f3n propia, realizados a trav\u00e9s de diferentes departamentos de la compa\u00f1\u00eda o bien facilitados por terceras personas con las que la compa\u00f1\u00eda tiene establecidos contratos de colaboraci\u00f3n.<\/p>\n\n\n\n<p><strong>COMIT\u00c9 CIENTIFICO<\/strong><\/p>\n\n\n\n<p>Aunque FAES FARMA dispone de un Comit\u00e9 Cient\u00edfico interno responsable sanitario de los contenidos de la web, gran parte de los mismos han sido elaborados por terceras personas ajenas a FAES FARMA, S.A (editoriales m\u00e9dicas, profesionales sanitarios, colaboradores cient\u00edficos\u2026) por lo que FAES FARMA, S.A suscribe a continuaci\u00f3n la exoneraci\u00f3n de su responsabilidad en referencia a la totalidad de los contenidos realizados por terceras personas.<\/p>\n\n\n\n<p><strong>ACERCA DE LA INFORMACI\u00d3N PUBLICADA<\/strong><\/p>\n\n\n\n<p>La informaci\u00f3n proporcionada en el sitio web no remplaza si no que complementa la relaci\u00f3n entre el profesional de salud y su paciente o visitante y en caso de duda debe consultar con su profesional de salud de referencia.<\/p>\n\n\n\n<p><strong>EXONERACI\u00d3N DE RESPONSABILIDAD<\/strong><\/p>\n\n\n\n<p>FAES FARMA, S.A. pretende ofrecer informaci\u00f3n, sobre temas sanitarios u otros temas de inter\u00e9s para el usuario del sitio web, actualizada y precisa, sin embargo, esta informaci\u00f3n puede contener errores o no estar actualizada. FAES FARMA, S.A. no garantiza de ning\u00fan modo la plena aplicabilidad de la informaci\u00f3n, su precisi\u00f3n o actualidad, ni ning\u00fan otro aspecto de la misma, as\u00ed como tampoco la continuidad, aplicabilidad y funcionamiento ininterrumpido de los servicios que pudiera ofrecer a trav\u00e9s de este sitio web. La web de FAES FARMA, S.A. tiene tambi\u00e9n una intenci\u00f3n docente dirigida a m\u00e9dicos y profesionales sanitarios a trav\u00e9s de Cursos de Formaci\u00f3n Continuada avalados por la Comisi\u00f3n de Formaci\u00f3n Continuada del MSC y otros productos o servicios.<\/p>\n\n\n\n<p>La informaci\u00f3n contenida en este sitio web debe ser considerada como informaci\u00f3n general y debe tenerse en cuenta que bajo ning\u00fan concepto puede ser utilizada o interpretada como consejo m\u00e9dico, legal o de ning\u00fan otro tipo. Adem\u00e1s, rogamos tengan en cuenta que algunas de las informaciones o servicios contenidos en esta p\u00e1gina web est\u00e1n exclusivamente destinados a profesionales de la salud con ejercicio profesional en el territorio espa\u00f1ol y que estos contenidos o informaci\u00f3n de productos comercializados por FAES FARMA, S.A., s\u00f3lo pueden ser interpretados de forma correcta por estos profesionales sanitarios. La web de FAES FARMA, S.A. presenta o presentar\u00e1, \u00e1rea\/s restringidas cuyo acceso est\u00e1 limitado a los profesionales sanitarios, advirti\u00e9ndose en este sentido y de forma clara al p\u00fablico en general.<\/p>\n\n\n\n<p>Esta web contiene enlaces con otros servidores sobre los cuales FAES FARMA, S.A. no tiene control alguno. Por lo tanto, FAES FARMA, S.A. no se hace responsable de ning\u00fan modo de las informaciones o servicios, y en general, sobre lo contenido en los mismos, no pudiendo garantizar su legalidad, veracidad o actualidad, ni ning\u00fan otro aspecto de los mismos.<\/p>\n\n\n\n<p><strong>FECHA DE ULTIMA MODIFICACION<\/strong><\/p>\n\n\n\n<p>La web de FAES FARMA, S.A. hace constar en su homepage, la \u00faltima fecha de actualizaci\u00f3n, comunicando a su lista de suscriptores, las modificaciones\/actualizaciones realizadas.<\/p>\n\n\n\n<p><strong>POLITICA DE PRIVACIDAD DE DATOS PERSONALES<\/strong><\/p>\n\n\n\n<p>De conformidad con la Ley Org\u00e1nica 3\/2018, de 5 de diciembre, de Protecci\u00f3n de Datos Personales y garant\u00eda de los derechos digitales, le comunicamos que FAES FARMA, S.A. ofrece este sitio web a efectos informativos y no constituye la finalidad del mismo la recogida de datos de los usuarios. No obstante lo anterior, FAES FARMA, S.A. procede a la recogida de datos personales mediante formularios para prestarle determinados servicios: env\u00edo de documentaci\u00f3n\/informaci\u00f3n, suscripci\u00f3n a Newsletters, BBDD m\u00e9dicas, Cursos de formaci\u00f3n continuada, sesiones cl\u00ednicas on-line, Rinc\u00f3n del Accionista, Trabaja con nosotros\u2026 En todos estos formularios se advertir\u00e1 de forma clara sobre la pol\u00edtica de privacidad de FAES FARMA, S.A. con relaci\u00f3n a la utilizaci\u00f3n de los datos personales.<\/p>\n\n\n\n<p>Le informamos de que los datos que Vd. nos facilite ser\u00e1n tratados por FAES FARMA, S.A. con el fin de gestionar la prestaci\u00f3n de los servicios solicitados, as\u00ed como mantenerle informado de las actividades que desarrolla nuestra compa\u00f1\u00eda y de nuestros productos. Sus datos podr\u00e1n ser cedidos a las empresas de nuestro grupo que realizan actividades relacionadas con la fabricaci\u00f3n, promoci\u00f3n y comercializaci\u00f3n de especialidades farmac\u00e9uticas y actividades relacionadas con la salud, con el fin de mantenerle informado sobre las actividades y productos de las mismas.<\/p>\n\n\n\n<p>Le informamos asimismo que Vd. puede en cualquier momento ejercer sus derechos de acceso, rectificaci\u00f3n, supresi\u00f3n, limitaci\u00f3n, oposici\u00f3n, y portabilidad mediante el env\u00edo de comunicaci\u00f3n a FAES FARMA, S.A. a la direcci\u00f3n de correo electr\u00f3nico: rgpd@faesfarma.com, a la que deber\u00e1n adjuntar copia de su DNI.<\/p>\n\n\n\n<p><strong>POLITICA DE PUBLICIDAD<\/strong><\/p>\n\n\n\n<p>La web de FAES FARMA, S.A. est\u00e1 gestionada y financiada por esta misma compa\u00f1\u00eda, no recibiendo aportaciones econ\u00f3micas externas. Nuestro sitio web no alberga ninguna forma de publicidad\/publicidad externa. Los anuncios (banners) y cualquier otro material promocional sobre nuestros productos o servicios est\u00e1n exclusivamente localizados en el \u00e1rea restringida reservada a los profesionales sanitarios e indicada como tal para evitar el acceso del p\u00fablico en general. Toda la informaci\u00f3n contenida en esta \u00e1rea restringida al profesional sanitario est\u00e1 en consonancia con el C\u00f3digo Espa\u00f1ol de Buenas Pr\u00e1cticas para la promoci\u00f3n de los medicamentos de farmaindustria.<\/p>\n\n\n\n<p><strong>INFORMACION CORPORATIVA<\/strong><\/p>\n\n\n\n<p>FAES FARMA, S.A. Avda. Autonom\u00eda 10, 48940 Leioa (Bizkaia). Tel: 944818300. Fax: 944818301. Registro Mercantil de Bizkaia, hoja 4244, folio 194, libro 99, Sec. Sociedades. CIF A-48\/004360.<\/p>\n<\/div><\/div>\n","protected":false},"excerpt":{"rendered":"<p>\u00daltima actualizaci\u00f3n:&nbsp;22\/2\/2022 Esta p\u00e1gina web pertenece a&nbsp;FAES FARMA, S.A.&nbsp;(A-48\/004 360), cuya actividad principal comprende la investigaci\u00f3n, fabricaci\u00f3n y comercializaci\u00f3n tanto de productos farmac\u00e9uticos (\u00e9ticos, publicitarios y dermofarmacia), como materias primas de uso farmac\u00e9utico. Por la utilizaci\u00f3n de este sitio web, se entiende que el usuario est\u00e1 de acuerdo con la totalidad de las condiciones enunciadas [&hellip;]<\/p>\n","protected":false},"author":1,"featured_media":0,"parent":0,"menu_order":0,"comment_status":"closed","ping_status":"closed","template":"page-templates\/page-full-width.php","meta":{"_genesis_hide_title":false,"_genesis_hide_breadcrumbs":false,"_genesis_hide_singular_image":false,"_genesis_hide_footer_widgets":false,"_genesis_custom_body_class":"","_genesis_custom_post_class":"","_genesis_layout":"","_themeisle_gutenberg_block_has_review":false,"footnotes":""},"class_list":{"0":"post-534","1":"page","2":"type-page","3":"status-publish","5":"entry"},"acf":[],"yoast_head":"<!-- This site is optimized with the Yoast SEO plugin v20.8 - https:\/\/yoast.com\/wordpress\/plugins\/seo\/ -->\n<title>Advertencia legal - Casos Cl\u00ednicos<\/title>\n<meta name=\"robots\" content=\"noindex, follow, max-snippet:-1, max-image-preview:large, max-video-preview:-1\" \/>\n<meta property=\"og:locale\" content=\"es_ES\" \/>\n<meta property=\"og:type\" content=\"article\" \/>\n<meta property=\"og:title\" content=\"Advertencia legal - Casos Cl\u00ednicos\" \/>\n<meta property=\"og:description\" content=\"\u00daltima actualizaci\u00f3n:&nbsp;22\/2\/2022 Esta p\u00e1gina web pertenece a&nbsp;FAES FARMA, S.A.&nbsp;(A-48\/004 360), cuya actividad principal comprende la investigaci\u00f3n, fabricaci\u00f3n y comercializaci\u00f3n tanto de productos farmac\u00e9uticos (\u00e9ticos, publicitarios y dermofarmacia), como materias primas de uso farmac\u00e9utico. Por la utilizaci\u00f3n de este sitio web, se entiende que el usuario est\u00e1 de acuerdo con la totalidad de las condiciones enunciadas [&hellip;]\" \/>\n<meta property=\"og:url\" content=\"https:\/\/profesionalessalud.faesfarma.com\/retoscolitisulcerosa\/advertencia-legal\/\" \/>\n<meta property=\"og:site_name\" content=\"Casos Cl\u00ednicos\" \/>\n<meta property=\"article:modified_time\" content=\"2025-12-03T16:11:12+00:00\" \/>\n<meta name=\"twitter:card\" content=\"summary_large_image\" \/>\n<meta name=\"twitter:label1\" content=\"Tiempo de lectura\" \/>\n\t<meta name=\"twitter:data1\" content=\"5 minutos\" \/>\n<script type=\"application\/ld+json\" class=\"yoast-schema-graph\">{\"@context\":\"https:\/\/schema.org\",\"@graph\":[{\"@type\":\"WebPage\",\"@id\":\"https:\/\/profesionalessalud.faesfarma.com\/retoscolitisulcerosa\/advertencia-legal\/\",\"url\":\"https:\/\/profesionalessalud.faesfarma.com\/retoscolitisulcerosa\/advertencia-legal\/\",\"name\":\"Advertencia legal - Casos Cl\u00ednicos\",\"isPartOf\":{\"@id\":\"https:\/\/profesionalessalud.faesfarma.com\/retoscolitisulcerosa\/#website\"},\"datePublished\":\"2025-12-03T16:04:43+00:00\",\"dateModified\":\"2025-12-03T16:11:12+00:00\",\"breadcrumb\":{\"@id\":\"https:\/\/profesionalessalud.faesfarma.com\/retoscolitisulcerosa\/advertencia-legal\/#breadcrumb\"},\"inLanguage\":\"es\",\"potentialAction\":[{\"@type\":\"ReadAction\",\"target\":[\"https:\/\/profesionalessalud.faesfarma.com\/retoscolitisulcerosa\/advertencia-legal\/\"]}]},{\"@type\":\"BreadcrumbList\",\"@id\":\"https:\/\/profesionalessalud.faesfarma.com\/retoscolitisulcerosa\/advertencia-legal\/#breadcrumb\",\"itemListElement\":[{\"@type\":\"ListItem\",\"position\":1,\"name\":\"Portada\",\"item\":\"https:\/\/profesionalessalud.faesfarma.com\/retoscolitisulcerosa\/\"},{\"@type\":\"ListItem\",\"position\":2,\"name\":\"Advertencia legal\"}]},{\"@type\":\"WebSite\",\"@id\":\"https:\/\/profesionalessalud.faesfarma.com\/retoscolitisulcerosa\/#website\",\"url\":\"https:\/\/profesionalessalud.faesfarma.com\/retoscolitisulcerosa\/\",\"name\":\"Casos Cl\u00ednicos\",\"description\":\"\",\"potentialAction\":[{\"@type\":\"SearchAction\",\"target\":{\"@type\":\"EntryPoint\",\"urlTemplate\":\"https:\/\/profesionalessalud.faesfarma.com\/retoscolitisulcerosa\/?s={search_term_string}\"},\"query-input\":\"required name=search_term_string\"}],\"inLanguage\":\"es\"}]}<\/script>\n<!-- \/ Yoast SEO plugin. -->","yoast_head_json":{"title":"Advertencia legal - Casos Cl\u00ednicos","robots":{"index":"noindex","follow":"follow","max-snippet":"max-snippet:-1","max-image-preview":"max-image-preview:large","max-video-preview":"max-video-preview:-1"},"og_locale":"es_ES","og_type":"article","og_title":"Advertencia legal - Casos Cl\u00ednicos","og_description":"\u00daltima actualizaci\u00f3n:&nbsp;22\/2\/2022 Esta p\u00e1gina web pertenece a&nbsp;FAES FARMA, S.A.&nbsp;(A-48\/004 360), cuya actividad principal comprende la investigaci\u00f3n, fabricaci\u00f3n y comercializaci\u00f3n tanto de productos farmac\u00e9uticos (\u00e9ticos, publicitarios y dermofarmacia), como materias primas de uso farmac\u00e9utico. Por la utilizaci\u00f3n de este sitio web, se entiende que el usuario est\u00e1 de acuerdo con la totalidad de las condiciones enunciadas [&hellip;]","og_url":"https:\/\/profesionalessalud.faesfarma.com\/retoscolitisulcerosa\/advertencia-legal\/","og_site_name":"Casos Cl\u00ednicos","article_modified_time":"2025-12-03T16:11:12+00:00","twitter_card":"summary_large_image","twitter_misc":{"Tiempo de lectura":"5 minutos"},"schema":{"@context":"https:\/\/schema.org","@graph":[{"@type":"WebPage","@id":"https:\/\/profesionalessalud.faesfarma.com\/retoscolitisulcerosa\/advertencia-legal\/","url":"https:\/\/profesionalessalud.faesfarma.com\/retoscolitisulcerosa\/advertencia-legal\/","name":"Advertencia legal - Casos Cl\u00ednicos","isPartOf":{"@id":"https:\/\/profesionalessalud.faesfarma.com\/retoscolitisulcerosa\/#website"},"datePublished":"2025-12-03T16:04:43+00:00","dateModified":"2025-12-03T16:11:12+00:00","breadcrumb":{"@id":"https:\/\/profesionalessalud.faesfarma.com\/retoscolitisulcerosa\/advertencia-legal\/#breadcrumb"},"inLanguage":"es","potentialAction":[{"@type":"ReadAction","target":["https:\/\/profesionalessalud.faesfarma.com\/retoscolitisulcerosa\/advertencia-legal\/"]}]},{"@type":"BreadcrumbList","@id":"https:\/\/profesionalessalud.faesfarma.com\/retoscolitisulcerosa\/advertencia-legal\/#breadcrumb","itemListElement":[{"@type":"ListItem","position":1,"name":"Portada","item":"https:\/\/profesionalessalud.faesfarma.com\/retoscolitisulcerosa\/"},{"@type":"ListItem","position":2,"name":"Advertencia legal"}]},{"@type":"WebSite","@id":"https:\/\/profesionalessalud.faesfarma.com\/retoscolitisulcerosa\/#website","url":"https:\/\/profesionalessalud.faesfarma.com\/retoscolitisulcerosa\/","name":"Casos Cl\u00ednicos","description":"","potentialAction":[{"@type":"SearchAction","target":{"@type":"EntryPoint","urlTemplate":"https:\/\/profesionalessalud.faesfarma.com\/retoscolitisulcerosa\/?s={search_term_string}"},"query-input":"required name=search_term_string"}],"inLanguage":"es"}]}},"_links":{"self":[{"href":"https:\/\/profesionalessalud.faesfarma.com\/retoscolitisulcerosa\/wp-json\/wp\/v2\/pages\/534","targetHints":{"allow":["GET"]}}],"collection":[{"href":"https:\/\/profesionalessalud.faesfarma.com\/retoscolitisulcerosa\/wp-json\/wp\/v2\/pages"}],"about":[{"href":"https:\/\/profesionalessalud.faesfarma.com\/retoscolitisulcerosa\/wp-json\/wp\/v2\/types\/page"}],"author":[{"embeddable":true,"href":"https:\/\/profesionalessalud.faesfarma.com\/retoscolitisulcerosa\/wp-json\/wp\/v2\/users\/1"}],"replies":[{"embeddable":true,"href":"https:\/\/profesionalessalud.faesfarma.com\/retoscolitisulcerosa\/wp-json\/wp\/v2\/comments?post=534"}],"version-history":[{"count":1,"href":"https:\/\/profesionalessalud.faesfarma.com\/retoscolitisulcerosa\/wp-json\/wp\/v2\/pages\/534\/revisions"}],"predecessor-version":[{"id":535,"href":"https:\/\/profesionalessalud.faesfarma.com\/retoscolitisulcerosa\/wp-json\/wp\/v2\/pages\/534\/revisions\/535"}],"wp:attachment":[{"href":"https:\/\/profesionalessalud.faesfarma.com\/retoscolitisulcerosa\/wp-json\/wp\/v2\/media?parent=534"}],"curies":[{"name":"wp","href":"https:\/\/api.w.org\/{rel}","templated":true}]}}