{"id":6,"date":"2023-02-13T08:12:59","date_gmt":"2023-02-13T08:12:59","guid":{"rendered":"https:\/\/profesionalessalud.faesfarma.com\/retoscolitisulcerosa\/?page_id=6"},"modified":"2025-06-23T10:22:25","modified_gmt":"2025-06-23T10:22:25","slug":"recompensas","status":"publish","type":"page","link":"https:\/\/profesionalessalud.faesfarma.com\/retoscolitisulcerosa\/recompensas\/","title":{"rendered":"Recompensas"},"content":{"rendered":"\n<div class=\"wp-block-group banner-ppal\"><div class=\"wp-block-group__inner-container is-layout-constrained wp-block-group-is-layout-constrained\">\n<div class=\"wp-block-group wrap\"><div class=\"wp-block-group__inner-container is-layout-constrained wp-block-group-is-layout-constrained\">\n<div class=\"wp-block-columns is-not-stacked-on-mobile control-columns is-layout-flex wp-container-core-columns-is-layout-9d6595d7 wp-block-columns-is-layout-flex\">\n<div class=\"wp-block-column is-vertically-aligned-center is-layout-flow wp-block-column-is-layout-flow\">\n<div class=\"wp-block-group control-width\"><div class=\"wp-block-group__inner-container is-layout-constrained wp-block-group-is-layout-constrained\">\n<p class=\"has-larger-font-size\"><strong>Recompensa<\/strong><\/p>\n\n\n\n<p>Resuelve&nbsp;<strong>los 3 casos cl\u00ednicos<\/strong>&nbsp;que te plantearemos a lo largo de este a\u00f1o y participar\u00e1s en uno de nuestros sorteos de&nbsp;<strong>una inscripci\u00f3n&nbsp;<\/strong>al congreso de la Organizaci\u00f3n Europea de Crohn y Colitis (<a href=\"https:\/\/www.ecco-ibd.eu\/ecco26.html\" target=\"_blank\" rel=\"noreferrer noopener\">21st Congress of ECCO<\/a>), que tendr\u00e1 lugar del 18 al 21 de febrero de 2026 en la ciudad de Estocolmo.<\/p>\n\n\n\n<p><strong>Consulta las <a href=\"https:\/\/profesionalessalud.faesfarma.com\/retoscolitisulcerosa\/bases-legales\/\">bases legales<\/a> antes de participar.<\/strong><\/p>\n\n\n\n<p>Los gastos de desplazamiento y alojamiento derivados de la inscripci\u00f3n no est\u00e1n incluidos en la recompensa formativa a la que se refiere esta gamificaci\u00f3n.<\/p>\n\n\n\n<p><\/p>\n\n\n\n<p><\/p>\n\n\n\n<p><\/p>\n<\/div><\/div>\n<\/div>\n\n\n\n<div class=\"wp-block-column column-image is-layout-flow wp-block-column-is-layout-flow\">\n<figure class=\"wp-block-image size-large\"><img loading=\"lazy\" decoding=\"async\" width=\"1024\" height=\"597\" src=\"https:\/\/profesionalessalud.faesfarma.com\/retoscolitisulcerosa\/wp-content\/uploads\/2023\/02\/imagen-caso-clinico-1024x597.jpg\" alt=\"\" class=\"wp-image-13\" srcset=\"https:\/\/profesionalessalud.faesfarma.com\/retoscolitisulcerosa\/wp-content\/uploads\/2023\/02\/imagen-caso-clinico-1024x597.jpg 1024w, https:\/\/profesionalessalud.faesfarma.com\/retoscolitisulcerosa\/wp-content\/uploads\/2023\/02\/imagen-caso-clinico-300x175.jpg 300w, https:\/\/profesionalessalud.faesfarma.com\/retoscolitisulcerosa\/wp-content\/uploads\/2023\/02\/imagen-caso-clinico-768x448.jpg 768w, https:\/\/profesionalessalud.faesfarma.com\/retoscolitisulcerosa\/wp-content\/uploads\/2023\/02\/imagen-caso-clinico-1536x896.jpg 1536w, https:\/\/profesionalessalud.faesfarma.com\/retoscolitisulcerosa\/wp-content\/uploads\/2023\/02\/imagen-caso-clinico.jpg 1920w\" sizes=\"auto, (max-width: 1024px) 100vw, 1024px\" \/><\/figure>\n<\/div>\n<\/div>\n<\/div><\/div>\n<\/div><\/div>\n","protected":false},"excerpt":{"rendered":"<p>Recompensa Resuelve&nbsp;los 3 casos cl\u00ednicos&nbsp;que te plantearemos a lo largo de este a\u00f1o y participar\u00e1s en uno de nuestros sorteos de&nbsp;una inscripci\u00f3n&nbsp;al congreso de la Organizaci\u00f3n Europea de Crohn y Colitis (21st Congress of ECCO), que tendr\u00e1 lugar del 18 al 21 de febrero de 2026 en la ciudad de Estocolmo. Consulta las bases legales [&hellip;]<\/p>\n","protected":false},"author":1,"featured_media":0,"parent":0,"menu_order":0,"comment_status":"closed","ping_status":"closed","template":"page-templates\/page-full-width.php","meta":{"_genesis_hide_title":false,"_genesis_hide_breadcrumbs":false,"_genesis_hide_singular_image":false,"_genesis_hide_footer_widgets":false,"_genesis_custom_body_class":"","_genesis_custom_post_class":"","_genesis_layout":"","_themeisle_gutenberg_block_has_review":false,"footnotes":""},"class_list":{"0":"post-6","1":"page","2":"type-page","3":"status-publish","5":"entry"},"acf":[],"yoast_head":"<!-- This site is optimized with the Yoast SEO plugin v20.8 - https:\/\/yoast.com\/wordpress\/plugins\/seo\/ -->\n<title>Recompensas - Casos Cl\u00ednicos<\/title>\n<meta name=\"robots\" content=\"noindex, follow, max-snippet:-1, max-image-preview:large, max-video-preview:-1\" \/>\n<meta property=\"og:locale\" content=\"es_ES\" \/>\n<meta property=\"og:type\" content=\"article\" \/>\n<meta property=\"og:title\" content=\"Recompensas - Casos Cl\u00ednicos\" \/>\n<meta property=\"og:description\" content=\"Recompensa Resuelve&nbsp;los 3 casos cl\u00ednicos&nbsp;que te plantearemos a lo largo de este a\u00f1o y participar\u00e1s en uno de nuestros sorteos de&nbsp;una inscripci\u00f3n&nbsp;al congreso de la Organizaci\u00f3n Europea de Crohn y Colitis (21st Congress of ECCO), que tendr\u00e1 lugar del 18 al 21 de febrero de 2026 en la ciudad de Estocolmo. Consulta las bases legales [&hellip;]\" \/>\n<meta property=\"og:url\" content=\"https:\/\/profesionalessalud.faesfarma.com\/retoscolitisulcerosa\/recompensas\/\" \/>\n<meta property=\"og:site_name\" content=\"Casos Cl\u00ednicos\" \/>\n<meta property=\"article:modified_time\" content=\"2025-06-23T10:22:25+00:00\" \/>\n<meta property=\"og:image\" content=\"https:\/\/profesionalessalud.faesfarma.com\/retoscolitisulcerosa\/wp-content\/uploads\/2023\/02\/imagen-caso-clinico-1024x597.jpg\" \/>\n<meta name=\"twitter:card\" content=\"summary_large_image\" \/>\n<meta name=\"twitter:label1\" content=\"Tiempo de lectura\" \/>\n\t<meta name=\"twitter:data1\" content=\"1 minuto\" \/>\n<script type=\"application\/ld+json\" class=\"yoast-schema-graph\">{\"@context\":\"https:\/\/schema.org\",\"@graph\":[{\"@type\":\"WebPage\",\"@id\":\"https:\/\/profesionalessalud.faesfarma.com\/retoscolitisulcerosa\/recompensas\/\",\"url\":\"https:\/\/profesionalessalud.faesfarma.com\/retoscolitisulcerosa\/recompensas\/\",\"name\":\"Recompensas - Casos Cl\u00ednicos\",\"isPartOf\":{\"@id\":\"https:\/\/profesionalessalud.faesfarma.com\/retoscolitisulcerosa\/#website\"},\"datePublished\":\"2023-02-13T08:12:59+00:00\",\"dateModified\":\"2025-06-23T10:22:25+00:00\",\"breadcrumb\":{\"@id\":\"https:\/\/profesionalessalud.faesfarma.com\/retoscolitisulcerosa\/recompensas\/#breadcrumb\"},\"inLanguage\":\"es\",\"potentialAction\":[{\"@type\":\"ReadAction\",\"target\":[\"https:\/\/profesionalessalud.faesfarma.com\/retoscolitisulcerosa\/recompensas\/\"]}]},{\"@type\":\"BreadcrumbList\",\"@id\":\"https:\/\/profesionalessalud.faesfarma.com\/retoscolitisulcerosa\/recompensas\/#breadcrumb\",\"itemListElement\":[{\"@type\":\"ListItem\",\"position\":1,\"name\":\"Portada\",\"item\":\"https:\/\/profesionalessalud.faesfarma.com\/retoscolitisulcerosa\/\"},{\"@type\":\"ListItem\",\"position\":2,\"name\":\"Recompensas\"}]},{\"@type\":\"WebSite\",\"@id\":\"https:\/\/profesionalessalud.faesfarma.com\/retoscolitisulcerosa\/#website\",\"url\":\"https:\/\/profesionalessalud.faesfarma.com\/retoscolitisulcerosa\/\",\"name\":\"Casos Cl\u00ednicos\",\"description\":\"\",\"potentialAction\":[{\"@type\":\"SearchAction\",\"target\":{\"@type\":\"EntryPoint\",\"urlTemplate\":\"https:\/\/profesionalessalud.faesfarma.com\/retoscolitisulcerosa\/?s={search_term_string}\"},\"query-input\":\"required name=search_term_string\"}],\"inLanguage\":\"es\"}]}<\/script>\n<!-- \/ Yoast SEO plugin. -->","yoast_head_json":{"title":"Recompensas - Casos Cl\u00ednicos","robots":{"index":"noindex","follow":"follow","max-snippet":"max-snippet:-1","max-image-preview":"max-image-preview:large","max-video-preview":"max-video-preview:-1"},"og_locale":"es_ES","og_type":"article","og_title":"Recompensas - Casos Cl\u00ednicos","og_description":"Recompensa Resuelve&nbsp;los 3 casos cl\u00ednicos&nbsp;que te plantearemos a lo largo de este a\u00f1o y participar\u00e1s en uno de nuestros sorteos de&nbsp;una inscripci\u00f3n&nbsp;al congreso de la Organizaci\u00f3n Europea de Crohn y Colitis (21st Congress of ECCO), que tendr\u00e1 lugar del 18 al 21 de febrero de 2026 en la ciudad de Estocolmo. Consulta las bases legales [&hellip;]","og_url":"https:\/\/profesionalessalud.faesfarma.com\/retoscolitisulcerosa\/recompensas\/","og_site_name":"Casos Cl\u00ednicos","article_modified_time":"2025-06-23T10:22:25+00:00","og_image":[{"url":"https:\/\/profesionalessalud.faesfarma.com\/retoscolitisulcerosa\/wp-content\/uploads\/2023\/02\/imagen-caso-clinico-1024x597.jpg"}],"twitter_card":"summary_large_image","twitter_misc":{"Tiempo de lectura":"1 minuto"},"schema":{"@context":"https:\/\/schema.org","@graph":[{"@type":"WebPage","@id":"https:\/\/profesionalessalud.faesfarma.com\/retoscolitisulcerosa\/recompensas\/","url":"https:\/\/profesionalessalud.faesfarma.com\/retoscolitisulcerosa\/recompensas\/","name":"Recompensas - Casos Cl\u00ednicos","isPartOf":{"@id":"https:\/\/profesionalessalud.faesfarma.com\/retoscolitisulcerosa\/#website"},"datePublished":"2023-02-13T08:12:59+00:00","dateModified":"2025-06-23T10:22:25+00:00","breadcrumb":{"@id":"https:\/\/profesionalessalud.faesfarma.com\/retoscolitisulcerosa\/recompensas\/#breadcrumb"},"inLanguage":"es","potentialAction":[{"@type":"ReadAction","target":["https:\/\/profesionalessalud.faesfarma.com\/retoscolitisulcerosa\/recompensas\/"]}]},{"@type":"BreadcrumbList","@id":"https:\/\/profesionalessalud.faesfarma.com\/retoscolitisulcerosa\/recompensas\/#breadcrumb","itemListElement":[{"@type":"ListItem","position":1,"name":"Portada","item":"https:\/\/profesionalessalud.faesfarma.com\/retoscolitisulcerosa\/"},{"@type":"ListItem","position":2,"name":"Recompensas"}]},{"@type":"WebSite","@id":"https:\/\/profesionalessalud.faesfarma.com\/retoscolitisulcerosa\/#website","url":"https:\/\/profesionalessalud.faesfarma.com\/retoscolitisulcerosa\/","name":"Casos Cl\u00ednicos","description":"","potentialAction":[{"@type":"SearchAction","target":{"@type":"EntryPoint","urlTemplate":"https:\/\/profesionalessalud.faesfarma.com\/retoscolitisulcerosa\/?s={search_term_string}"},"query-input":"required name=search_term_string"}],"inLanguage":"es"}]}},"_links":{"self":[{"href":"https:\/\/profesionalessalud.faesfarma.com\/retoscolitisulcerosa\/wp-json\/wp\/v2\/pages\/6","targetHints":{"allow":["GET"]}}],"collection":[{"href":"https:\/\/profesionalessalud.faesfarma.com\/retoscolitisulcerosa\/wp-json\/wp\/v2\/pages"}],"about":[{"href":"https:\/\/profesionalessalud.faesfarma.com\/retoscolitisulcerosa\/wp-json\/wp\/v2\/types\/page"}],"author":[{"embeddable":true,"href":"https:\/\/profesionalessalud.faesfarma.com\/retoscolitisulcerosa\/wp-json\/wp\/v2\/users\/1"}],"replies":[{"embeddable":true,"href":"https:\/\/profesionalessalud.faesfarma.com\/retoscolitisulcerosa\/wp-json\/wp\/v2\/comments?post=6"}],"version-history":[{"count":22,"href":"https:\/\/profesionalessalud.faesfarma.com\/retoscolitisulcerosa\/wp-json\/wp\/v2\/pages\/6\/revisions"}],"predecessor-version":[{"id":467,"href":"https:\/\/profesionalessalud.faesfarma.com\/retoscolitisulcerosa\/wp-json\/wp\/v2\/pages\/6\/revisions\/467"}],"wp:attachment":[{"href":"https:\/\/profesionalessalud.faesfarma.com\/retoscolitisulcerosa\/wp-json\/wp\/v2\/media?parent=6"}],"curies":[{"name":"wp","href":"https:\/\/api.w.org\/{rel}","templated":true}]}}