{"id":73,"date":"2023-02-13T11:35:20","date_gmt":"2023-02-13T11:35:20","guid":{"rendered":"https:\/\/profesionalessalud.faesfarma.com\/retoscolitisulcerosa\/iniciar-sesion\/"},"modified":"2025-10-27T08:01:03","modified_gmt":"2025-10-27T08:01:03","slug":"iniciar-sesion","status":"publish","type":"page","link":"https:\/\/profesionalessalud.faesfarma.com\/retoscolitisulcerosa\/iniciar-sesion\/","title":{"rendered":"Iniciar sesi\u00f3n"},"content":{"rendered":"\n<div class=\"wp-block-group banner-ppal\"><div class=\"wp-block-group__inner-container is-layout-constrained wp-block-group-is-layout-constrained\">\n<div class=\"wp-block-group wrap\"><div class=\"wp-block-group__inner-container is-layout-constrained wp-block-group-is-layout-constrained\">\n<div class=\"wp-block-columns is-not-stacked-on-mobile control-columns is-layout-flex wp-container-core-columns-is-layout-9d6595d7 wp-block-columns-is-layout-flex\">\n<div class=\"wp-block-column is-vertically-aligned-center is-layout-flow wp-block-column-is-layout-flow\">\n<div class=\"wp-block-group control-width\"><div class=\"wp-block-group__inner-container is-layout-constrained wp-block-group-is-layout-constrained\">\n<p class=\"reto\" style=\"font-size:40px\">Reto <\/p>\n\n\n\n<h1 class=\"wp-block-heading reto has-theme-primary-color has-text-color\">CASOS CL\u00cdNICOS EN COLITIS ULCEROSA <\/h1>\n\n\n\n<h2 class=\"has-large-font-size\">Participa en los 3 casos cl\u00ednicos planteados y opta a una <b><font color=\"#F8C564\n\">inscripci\u00f3n al congreso de la Organizaci\u00f3n Europea de Crohn y Colitis  <\/font>que tendr\u00e1 lugar del 18 al 21 de febrero de 2026 en la ciudad de Estocolmo.<\/b><\/h2>\n<p> Si todav\u00eda no est\u00e1s registrado, haz clic <a href=\"https:\/\/profesionalessalud.faesfarma.com\/retoscolitisulcerosa\/iniciar-sesion\/\" target=\"_blank\">aqu\u00ed<\/a><\/p> <p><b> Consulta las <a href=\"https:\/\/profesionalessalud.faesfarma.com\/retoscolitisulcerosa\/bases-legales\/\" target=\"_blank\">bases legales<\/a> antes de participar<\/b><\/p>\n<p> Caso Cl\u00ednico 2: Disponible hasta el <b><font color=\"#F8C564\">10 de noviembre<\/font><\/b><\/p> \n<p> Caso Cl\u00ednico 3: Disponible desde el <b><font color=\"#F8C564\">10 de octubre <\/font><\/b> hasta el <b><font color=\"#F8C564\">10 de noviembre<\/font><\/b><\/p> <\/h2>\n\n\n\n<div class=\"wp-block-buttons is-layout-flex wp-block-buttons-is-layout-flex\">\n<div class=\"wp-block-button button-header\"><a class=\"wp-block-button__link wp-element-button\" href=\"https:\/\/profesionalessalud.faesfarma.com\/retoscolitisulcerosa\/inicio-del-reto\/\">Participa en el reto<\/a><\/div>\n<\/div>\n<\/div><\/div>\n<\/div>\n\n\n\n<div class=\"wp-block-column column-image is-layout-flow wp-block-column-is-layout-flow\">\n<figure class=\"wp-block-image size-large is-resized\"><img loading=\"lazy\" decoding=\"async\" width=\"1024\" height=\"597\" src=\"https:\/\/profesionalessalud.faesfarma.com\/retoscolitisulcerosa\/wp-content\/uploads\/2023\/02\/imagen-caso-clinico-1024x597.jpg\" alt=\"\" class=\"wp-image-13\" style=\"width:768px;height:448px\" srcset=\"https:\/\/profesionalessalud.faesfarma.com\/retoscolitisulcerosa\/wp-content\/uploads\/2023\/02\/imagen-caso-clinico-1024x597.jpg 1024w, https:\/\/profesionalessalud.faesfarma.com\/retoscolitisulcerosa\/wp-content\/uploads\/2023\/02\/imagen-caso-clinico-300x175.jpg 300w, https:\/\/profesionalessalud.faesfarma.com\/retoscolitisulcerosa\/wp-content\/uploads\/2023\/02\/imagen-caso-clinico-768x448.jpg 768w, https:\/\/profesionalessalud.faesfarma.com\/retoscolitisulcerosa\/wp-content\/uploads\/2023\/02\/imagen-caso-clinico-1536x896.jpg 1536w, https:\/\/profesionalessalud.faesfarma.com\/retoscolitisulcerosa\/wp-content\/uploads\/2023\/02\/imagen-caso-clinico.jpg 1920w\" sizes=\"auto, (max-width: 1024px) 100vw, 1024px\" \/><\/figure>\n<\/div>\n<\/div>\n<\/div><\/div>\n<\/div><\/div>\n\n\n\n<div class=\"wp-block-group info-participacion\"><div class=\"wp-block-group__inner-container is-layout-constrained wp-block-group-is-layout-constrained\">\n<div class=\"wp-block-group wrap\"><div class=\"wp-block-group__inner-container is-layout-constrained wp-block-group-is-layout-constrained\">\n<div class=\"wp-block-group box-blue\"><div class=\"wp-block-group__inner-container is-layout-constrained wp-block-group-is-layout-constrained\">\n<p class=\"has-text-align-center title-box-blue\">Para poder ver la secci\u00f3n de <strong>participar en el caso cl\u00ednico<\/strong> es necesario estar registrado y ser profesional de la salud<\/p>\n\n\n\n<p class=\"has-text-align-center\">La informaci\u00f3n contenida en esta p\u00e1gina est\u00e1 dirigida \u00fanicamente a los profesionales sanitarios aptos para prescribir o dispensar medicamentos. La correcta utilizaci\u00f3n de su contenido requiere de formaci\u00f3n como profesional sanitario.<\/p>\n<\/div><\/div>\n<\/div><\/div>\n<\/div><\/div>\n","protected":false},"excerpt":{"rendered":"<p>Para poder ver la secci\u00f3n de participar en el caso cl\u00ednico es necesario estar registrado y ser profesional de la salud La informaci\u00f3n contenida en esta p\u00e1gina est\u00e1 dirigida \u00fanicamente a los profesionales sanitarios aptos para prescribir o dispensar medicamentos. La correcta utilizaci\u00f3n de su contenido requiere de formaci\u00f3n como profesional sanitario.<\/p>\n","protected":false},"author":1,"featured_media":0,"parent":0,"menu_order":0,"comment_status":"closed","ping_status":"closed","template":"users\/register-template.php","meta":{"_genesis_hide_title":false,"_genesis_hide_breadcrumbs":false,"_genesis_hide_singular_image":false,"_genesis_hide_footer_widgets":false,"_genesis_custom_body_class":"","_genesis_custom_post_class":"","_genesis_layout":"","_themeisle_gutenberg_block_has_review":false,"footnotes":""},"class_list":{"0":"post-73","1":"page","2":"type-page","3":"status-publish","5":"entry"},"acf":[],"yoast_head":"<!-- This site is optimized with the Yoast SEO plugin v20.8 - https:\/\/yoast.com\/wordpress\/plugins\/seo\/ -->\n<title>Iniciar sesi\u00f3n - Casos Cl\u00ednicos<\/title>\n<meta name=\"robots\" content=\"noindex, follow, max-snippet:-1, max-image-preview:large, max-video-preview:-1\" \/>\n<meta property=\"og:locale\" content=\"es_ES\" \/>\n<meta property=\"og:type\" content=\"article\" \/>\n<meta property=\"og:title\" content=\"Iniciar sesi\u00f3n - Casos Cl\u00ednicos\" \/>\n<meta property=\"og:description\" content=\"Para poder ver la secci\u00f3n de participar en el caso cl\u00ednico es necesario estar registrado y ser profesional de la salud La informaci\u00f3n contenida en esta p\u00e1gina est\u00e1 dirigida \u00fanicamente a los profesionales sanitarios aptos para prescribir o dispensar medicamentos. La correcta utilizaci\u00f3n de su contenido requiere de formaci\u00f3n como profesional sanitario.\" \/>\n<meta property=\"og:url\" content=\"https:\/\/profesionalessalud.faesfarma.com\/retoscolitisulcerosa\/iniciar-sesion\/\" \/>\n<meta property=\"og:site_name\" content=\"Casos Cl\u00ednicos\" \/>\n<meta property=\"article:modified_time\" content=\"2025-10-27T08:01:03+00:00\" \/>\n<meta name=\"twitter:card\" content=\"summary_large_image\" \/>\n<meta name=\"twitter:label1\" content=\"Tiempo de lectura\" \/>\n\t<meta name=\"twitter:data1\" content=\"1 minuto\" \/>\n<script type=\"application\/ld+json\" class=\"yoast-schema-graph\">{\"@context\":\"https:\/\/schema.org\",\"@graph\":[{\"@type\":\"WebPage\",\"@id\":\"https:\/\/profesionalessalud.faesfarma.com\/retoscolitisulcerosa\/iniciar-sesion\/\",\"url\":\"https:\/\/profesionalessalud.faesfarma.com\/retoscolitisulcerosa\/iniciar-sesion\/\",\"name\":\"Iniciar sesi\u00f3n - Casos Cl\u00ednicos\",\"isPartOf\":{\"@id\":\"https:\/\/profesionalessalud.faesfarma.com\/retoscolitisulcerosa\/#website\"},\"datePublished\":\"2023-02-13T11:35:20+00:00\",\"dateModified\":\"2025-10-27T08:01:03+00:00\",\"breadcrumb\":{\"@id\":\"https:\/\/profesionalessalud.faesfarma.com\/retoscolitisulcerosa\/iniciar-sesion\/#breadcrumb\"},\"inLanguage\":\"es\",\"potentialAction\":[{\"@type\":\"ReadAction\",\"target\":[\"https:\/\/profesionalessalud.faesfarma.com\/retoscolitisulcerosa\/iniciar-sesion\/\"]}]},{\"@type\":\"BreadcrumbList\",\"@id\":\"https:\/\/profesionalessalud.faesfarma.com\/retoscolitisulcerosa\/iniciar-sesion\/#breadcrumb\",\"itemListElement\":[{\"@type\":\"ListItem\",\"position\":1,\"name\":\"Portada\",\"item\":\"https:\/\/profesionalessalud.faesfarma.com\/retoscolitisulcerosa\/\"},{\"@type\":\"ListItem\",\"position\":2,\"name\":\"Iniciar sesi\u00f3n\"}]},{\"@type\":\"WebSite\",\"@id\":\"https:\/\/profesionalessalud.faesfarma.com\/retoscolitisulcerosa\/#website\",\"url\":\"https:\/\/profesionalessalud.faesfarma.com\/retoscolitisulcerosa\/\",\"name\":\"Casos Cl\u00ednicos\",\"description\":\"\",\"potentialAction\":[{\"@type\":\"SearchAction\",\"target\":{\"@type\":\"EntryPoint\",\"urlTemplate\":\"https:\/\/profesionalessalud.faesfarma.com\/retoscolitisulcerosa\/?s={search_term_string}\"},\"query-input\":\"required name=search_term_string\"}],\"inLanguage\":\"es\"}]}<\/script>\n<!-- \/ Yoast SEO plugin. -->","yoast_head_json":{"title":"Iniciar sesi\u00f3n - Casos Cl\u00ednicos","robots":{"index":"noindex","follow":"follow","max-snippet":"max-snippet:-1","max-image-preview":"max-image-preview:large","max-video-preview":"max-video-preview:-1"},"og_locale":"es_ES","og_type":"article","og_title":"Iniciar sesi\u00f3n - Casos Cl\u00ednicos","og_description":"Para poder ver la secci\u00f3n de participar en el caso cl\u00ednico es necesario estar registrado y ser profesional de la salud La informaci\u00f3n contenida en esta p\u00e1gina est\u00e1 dirigida \u00fanicamente a los profesionales sanitarios aptos para prescribir o dispensar medicamentos. La correcta utilizaci\u00f3n de su contenido requiere de formaci\u00f3n como profesional sanitario.","og_url":"https:\/\/profesionalessalud.faesfarma.com\/retoscolitisulcerosa\/iniciar-sesion\/","og_site_name":"Casos Cl\u00ednicos","article_modified_time":"2025-10-27T08:01:03+00:00","twitter_card":"summary_large_image","twitter_misc":{"Tiempo de lectura":"1 minuto"},"schema":{"@context":"https:\/\/schema.org","@graph":[{"@type":"WebPage","@id":"https:\/\/profesionalessalud.faesfarma.com\/retoscolitisulcerosa\/iniciar-sesion\/","url":"https:\/\/profesionalessalud.faesfarma.com\/retoscolitisulcerosa\/iniciar-sesion\/","name":"Iniciar sesi\u00f3n - Casos Cl\u00ednicos","isPartOf":{"@id":"https:\/\/profesionalessalud.faesfarma.com\/retoscolitisulcerosa\/#website"},"datePublished":"2023-02-13T11:35:20+00:00","dateModified":"2025-10-27T08:01:03+00:00","breadcrumb":{"@id":"https:\/\/profesionalessalud.faesfarma.com\/retoscolitisulcerosa\/iniciar-sesion\/#breadcrumb"},"inLanguage":"es","potentialAction":[{"@type":"ReadAction","target":["https:\/\/profesionalessalud.faesfarma.com\/retoscolitisulcerosa\/iniciar-sesion\/"]}]},{"@type":"BreadcrumbList","@id":"https:\/\/profesionalessalud.faesfarma.com\/retoscolitisulcerosa\/iniciar-sesion\/#breadcrumb","itemListElement":[{"@type":"ListItem","position":1,"name":"Portada","item":"https:\/\/profesionalessalud.faesfarma.com\/retoscolitisulcerosa\/"},{"@type":"ListItem","position":2,"name":"Iniciar sesi\u00f3n"}]},{"@type":"WebSite","@id":"https:\/\/profesionalessalud.faesfarma.com\/retoscolitisulcerosa\/#website","url":"https:\/\/profesionalessalud.faesfarma.com\/retoscolitisulcerosa\/","name":"Casos Cl\u00ednicos","description":"","potentialAction":[{"@type":"SearchAction","target":{"@type":"EntryPoint","urlTemplate":"https:\/\/profesionalessalud.faesfarma.com\/retoscolitisulcerosa\/?s={search_term_string}"},"query-input":"required name=search_term_string"}],"inLanguage":"es"}]}},"_links":{"self":[{"href":"https:\/\/profesionalessalud.faesfarma.com\/retoscolitisulcerosa\/wp-json\/wp\/v2\/pages\/73","targetHints":{"allow":["GET"]}}],"collection":[{"href":"https:\/\/profesionalessalud.faesfarma.com\/retoscolitisulcerosa\/wp-json\/wp\/v2\/pages"}],"about":[{"href":"https:\/\/profesionalessalud.faesfarma.com\/retoscolitisulcerosa\/wp-json\/wp\/v2\/types\/page"}],"author":[{"embeddable":true,"href":"https:\/\/profesionalessalud.faesfarma.com\/retoscolitisulcerosa\/wp-json\/wp\/v2\/users\/1"}],"replies":[{"embeddable":true,"href":"https:\/\/profesionalessalud.faesfarma.com\/retoscolitisulcerosa\/wp-json\/wp\/v2\/comments?post=73"}],"version-history":[{"count":8,"href":"https:\/\/profesionalessalud.faesfarma.com\/retoscolitisulcerosa\/wp-json\/wp\/v2\/pages\/73\/revisions"}],"predecessor-version":[{"id":479,"href":"https:\/\/profesionalessalud.faesfarma.com\/retoscolitisulcerosa\/wp-json\/wp\/v2\/pages\/73\/revisions\/479"}],"wp:attachment":[{"href":"https:\/\/profesionalessalud.faesfarma.com\/retoscolitisulcerosa\/wp-json\/wp\/v2\/media?parent=73"}],"curies":[{"name":"wp","href":"https:\/\/api.w.org\/{rel}","templated":true}]}}